{"id":925,"date":"2023-12-29T19:37:23","date_gmt":"2023-12-29T19:37:23","guid":{"rendered":"https:\/\/physio-pro.hu\/?page_id=925"},"modified":"2024-01-23T15:34:23","modified_gmt":"2024-01-23T15:34:23","slug":"edzestervek","status":"publish","type":"page","link":"https:\/\/physio-pro.hu\/index.php\/szolgaltatasok\/edzestervek\/","title":{"rendered":"Edz\u00e9stervek"},"content":{"rendered":"<p>[et_pb_section fb_built=&#8221;1&#8243; _builder_version=&#8221;4.16&#8243; _module_preset=&#8221;default&#8221; global_colors_info=&#8221;{}&#8221;][et_pb_row column_structure=&#8221;1_2,1_2&#8243; _builder_version=&#8221;4.16&#8243; _module_preset=&#8221;default&#8221; custom_padding=&#8221;14px|||||&#8221; global_colors_info=&#8221;{}&#8221; min_height=&#8221;301.9px&#8221; custom_margin=&#8221;|auto|-120px|auto||&#8221;][et_pb_column type=&#8221;1_2&#8243; _builder_version=&#8221;4.16&#8243; _module_preset=&#8221;default&#8221; global_colors_info=&#8221;{}&#8221;][et_pb_slider show_arrows=&#8221;off&#8221; show_pagination=&#8221;off&#8221; use_bg_overlay=&#8221;on&#8221; use_text_overlay=&#8221;off&#8221; _builder_version=&#8221;4.24.0&#8243; _dynamic_attributes=&#8221;link_option_url&#8221; _module_preset=&#8221;default&#8221; header_font=&#8221;ABeeZee||||||||&#8221; header_text_align=&#8221;center&#8221; header_font_size=&#8221;49px&#8221; background_image=&#8221;https:\/\/physio-pro.hu\/wp-content\/uploads\/2024\/01\/Kepernyofoto-2024-01-21-16.10.14.png&#8221; min_height=&#8221;331.4px&#8221; custom_margin=&#8221;||-30px|||&#8221; custom_padding=&#8221;85px|||||&#8221; link_option_url=&#8221;@ET-DC@eyJkeW5hbWljIjp0cnVlLCJjb250ZW50IjoicG9zdF9saW5rX3VybF9wYWdlIiwic2V0dGluZ3MiOnsicG9zdF9pZCI6IjM5In19@&#8221; hover_enabled=&#8221;0&#8243; global_colors_info=&#8221;{}&#8221; title_text=&#8221;K\u00e9perny\u0151fot\u00f3 2024-01-21 &#8211; 16.10.14&#8243; sticky_enabled=&#8221;0&#8243;][et_pb_slide heading=&#8221;Edz\u00e9sterv&#8221; use_bg_overlay=&#8221;on&#8221; _builder_version=&#8221;4.16&#8243; _module_preset=&#8221;default&#8221; header_font=&#8221;Arial||||||||&#8221; header_text_align=&#8221;center&#8221; background_enable_color=&#8221;off&#8221; custom_button=&#8221;on&#8221; button_use_icon=&#8221;off&#8221; header_text_shadow_style=&#8221;preset1&#8243; global_colors_info=&#8221;{}&#8221; sticky_transition=&#8221;on&#8221;][\/et_pb_slide][\/et_pb_slider][\/et_pb_column][et_pb_column type=&#8221;1_2&#8243; _builder_version=&#8221;4.16&#8243; _module_preset=&#8221;default&#8221; global_colors_info=&#8221;{}&#8221;][et_pb_text quote_border_color=&#8221;rgba(3,84,107,0.4)&#8221; _builder_version=&#8221;4.16&#8243; _module_preset=&#8221;default&#8221; quote_text_align=&#8221;justify&#8221; quote_text_color=&#8221;#666666&#8243; text_orientation=&#8221;justified&#8221; min_height=&#8221;392px&#8221; custom_margin=&#8221;-3px|||||&#8221; custom_padding=&#8221;3px|22px|0px|||&#8221; global_colors_info=&#8221;{}&#8221;]<\/p>\n<blockquote>\n<div>\n<div>\n<p><span style=\"font-weight: 400;\">Munk\u00e1m sor\u00e1n c\u00e9lom, hogy az alapvet\u0151 mozg\u00e1skompetenci\u00e1t min\u00e9l hamarabb olyan szintre felfejlesszem, hogy \u00f6n\u00e1ll\u00f3an is tudjanak Tan\u00edtv\u00e1nyaim edz\u00e9seket v\u00e9gezni t\u00f6k\u00e9letes kivitelez\u00e9ssel, a\u00a0 s\u00e9r\u00fcl\u00e9s minim\u00e1lis rizik\u00f3ja n\u00e9lk\u00fcl.<\/span><\/p>\n<p><span style=\"font-weight: 400;\">Az egy\u00e9nre szabott edz\u00e9sprogramot a c\u00e9ljaidnak, \u00e9s lehet\u0151s\u00e9geidnek megfelel\u0151en \u00e1ll\u00edtom \u00f6ssze.<\/span><\/p>\n<\/div>\n<\/div>\n<\/blockquote>\n<div style=\"text-align: justify;\"><\/div>\n<p>[\/et_pb_text][\/et_pb_column][\/et_pb_row][et_pb_row _builder_version=&#8221;4.24.0&#8243; _module_preset=&#8221;default&#8221; min_height=&#8221;461px&#8221; custom_margin=&#8221;54px|auto|54px|auto|false|&#8221;][et_pb_column _builder_version=&#8221;4.24.0&#8243; _module_preset=&#8221;default&#8221; type=&#8221;4_4&#8243;][et_pb_text _builder_version=&#8221;4.24.0&#8243; _module_preset=&#8221;default&#8221; hover_enabled=&#8221;0&#8243; sticky_enabled=&#8221;0&#8243; custom_padding=&#8221;3px|||||&#8221; min_height=&#8221;442px&#8221;]<\/p>\n<p style=\"text-align: justify;\"><span style=\"font-weight: 400;\">Edz\u00e9sprogramjaimnak 3 f\u0151 t\u00edpusa van:<\/span><\/p>\n<ol style=\"text-align: justify;\">\n<li style=\"list-style-type: none;\">\n<ol>\n<li style=\"font-weight: 400;\" aria-level=\"1\"><span style=\"font-weight: 400;\">Er\u0151nl\u00e9ti edz\u00e9sterv: Ebben a sport\u00e1gadnak (SPP: Special Physical Preparedness) \u00e9s az egy\u00e9ni sz\u00fcks\u00e9gleteidnek megfelel\u0151 edz\u00e9sterveket \u00edrok figyelembe v\u00e9ve a sport\u00e1gi edz\u00e9seidet, \u00e9s az adott ciklushoz k\u00f6t\u00f6tt aktu\u00e1lis sz\u00fcks\u00e9gleteket.<\/span><span style=\"font-weight: 400;\"><\/span><\/li>\n<li style=\"font-weight: 400;\" aria-level=\"1\"><span style=\"font-weight: 400;\">Helath\/ Longevity\/ Resiliency edz\u00e9sterv: Ebben az egy\u00e9ni sz\u00fcks\u00e9gleteidnek \u00e9s r\u00f6vid, hossz\u00fa t\u00e1v\u00fa c\u00e9ljaidnak megfelel\u0151 \u00e1ltal\u00e1nos edz\u00e9sprogramot (GPP: General Physical Preparedness) \u00edrok, hogy a lehet\u0151 leghosszabban \u00e9s legjobb min\u0151s\u00e9gben mozoghass.\u00a0<\/span><\/li>\n<li style=\"font-weight: 400;\" aria-level=\"1\"><span style=\"font-weight: 400;\">Korrekci\u00f3s\/ prehabilit\u00e1ci\u00f3s terv: Ha m\u00e1r olyan szinten van a mozg\u00e1sszevi panaszod, hogy \u00f6n\u00e1ll\u00f3an is v\u00e9gezhetsz mozg\u00e1sprogramot, az adott panaszaid figyelembev\u00e9tel\u00e9vel \u00edrok neked mozg\u00e1sprogramot, hogy a lehet\u0151 leggyorsabban meggy\u00f3gyulhass, s\u0151t ak\u00e1r jobb form\u00e1ba ker\u00fclhess mint a s\u00e9r\u00fcl\u00e9sed el\u0151tt.<\/span><\/li>\n<\/ol>\n<\/li>\n<\/ol>\n<p style=\"text-align: justify;\"><span style=\"font-weight: 400;\">Az edz\u00e9stervek 4 hetesek \u00e9s a teljes edz\u00e9st tartalmazz\u00e1k a bemeleg\u00edt\u00e9st\u0151l a levezet\u00e9sig. <\/span><span style=\"font-weight: 400;\"><br \/><\/span><span style=\"font-weight: 400;\">A gyakorlatokhoz vide\u00f3kat is csatolok, hogy l\u00e1sd a t\u00f6k\u00e9letes kivitelez\u00e9st!<\/span><span style=\"font-weight: 400;\"><br \/><\/span><span style=\"font-weight: 400;\">Ig\u00e9ny szerint heti 1-4 napnyi edz\u00e9st \u00edrok, ak\u00e1r \u00e1ll\u00f3k\u00e9pess\u00e9gi edz\u00e9sekkel kieg\u00e9sz\u00edtve.<\/span><\/p>\n<p style=\"text-align: justify;\"><span style=\"font-weight: 400;\">Edz\u00e9sterveimet\u00a0 google sheets-ben k\u00fcld\u00f6m ki, ahova megjegyz\u00e9seidet Te is beteheted.<\/span><\/p>\n<p>[\/et_pb_text][\/et_pb_column][\/et_pb_row][\/et_pb_section]<\/p>\n","protected":false},"excerpt":{"rendered":"<p>Edz\u00e9sterv Munk\u00e1m sor\u00e1n c\u00e9lom, hogy az alapvet\u0151&#8230;<\/p>\n","protected":false},"author":2,"featured_media":0,"parent":48,"menu_order":4,"comment_status":"closed","ping_status":"closed","template":"","meta":{"_et_pb_use_builder":"on","_et_pb_old_content":"","_et_gb_content_width":""},"_links":{"self":[{"href":"https:\/\/physio-pro.hu\/index.php\/wp-json\/wp\/v2\/pages\/925"}],"collection":[{"href":"https:\/\/physio-pro.hu\/index.php\/wp-json\/wp\/v2\/pages"}],"about":[{"href":"https:\/\/physio-pro.hu\/index.php\/wp-json\/wp\/v2\/types\/page"}],"author":[{"embeddable":true,"href":"https:\/\/physio-pro.hu\/index.php\/wp-json\/wp\/v2\/users\/2"}],"replies":[{"embeddable":true,"href":"https:\/\/physio-pro.hu\/index.php\/wp-json\/wp\/v2\/comments?post=925"}],"version-history":[{"count":5,"href":"https:\/\/physio-pro.hu\/index.php\/wp-json\/wp\/v2\/pages\/925\/revisions"}],"predecessor-version":[{"id":944,"href":"https:\/\/physio-pro.hu\/index.php\/wp-json\/wp\/v2\/pages\/925\/revisions\/944"}],"up":[{"embeddable":true,"href":"https:\/\/physio-pro.hu\/index.php\/wp-json\/wp\/v2\/pages\/48"}],"wp:attachment":[{"href":"https:\/\/physio-pro.hu\/index.php\/wp-json\/wp\/v2\/media?parent=925"}],"curies":[{"name":"wp","href":"https:\/\/api.w.org\/{rel}","templated":true}]}}