{"id":48,"date":"2020-10-03T15:43:59","date_gmt":"2020-10-03T15:43:59","guid":{"rendered":"https:\/\/physio-pro.hu\/?page_id=48"},"modified":"2021-10-28T09:02:00","modified_gmt":"2021-10-28T09:02:00","slug":"szolgaltatasok","status":"publish","type":"page","link":"https:\/\/physio-pro.hu\/index.php\/szolgaltatasok\/","title":{"rendered":"Szolg\u00e1ltat\u00e1saink"},"content":{"rendered":"<p>[et_pb_section fb_built=&#8221;1&#8243; fullwidth=&#8221;on&#8221; _builder_version=&#8221;4.11.3&#8243; _module_preset=&#8221;default&#8221; background_image=&#8221;https:\/\/physio-pro.hu\/wp-content\/uploads\/2020\/10\/massage-18-1.jpg&#8221; parallax=&#8221;on&#8221; animation_style=&#8221;fade&#8221; global_colors_info=&#8221;{}&#8221;][et_pb_fullwidth_header title=&#8221;Gy\u00f3gytorna&#8221; button_one_text=&#8221;R\u00e9szletek&#8221; button_one_url=&#8221;@ET-DC@eyJkeW5hbWljIjp0cnVlLCJjb250ZW50IjoicG9zdF9saW5rX3VybF9wYWdlIiwic2V0dGluZ3MiOnsicG9zdF9pZCI6IjQ2In19@&#8221; _builder_version=&#8221;4.11.4&#8243; _dynamic_attributes=&#8221;button_one_url&#8221; _module_preset=&#8221;default&#8221; background_image=&#8221;https:\/\/physio-pro.hu\/wp-content\/uploads\/2021\/07\/EA4A91DC-900B-4D9E-A3D3-34BF77AF1BB6_1_201_a-1-768&#215;1024.jpg&#8221; custom_button_one=&#8221;on&#8221; min_height=&#8221;381px&#8221; custom_margin=&#8221;41px||||false|false&#8221; custom_padding=&#8221;47px||47px||true|&#8221; hover_enabled=&#8221;0&#8243; global_colors_info=&#8221;{}&#8221; animation_style=&#8221;fade&#8221; sticky_enabled=&#8221;0&#8243; content_text_align=&#8221;center&#8221;][\/et_pb_fullwidth_header][et_pb_fullwidth_header title=&#8221;Dietetika&#8221; button_one_text=&#8221;R\u00e9szletek&#8221; button_one_url=&#8221;@ET-DC@eyJkeW5hbWljIjp0cnVlLCJjb250ZW50IjoicG9zdF9saW5rX3VybF9wYWdlIiwic2V0dGluZ3MiOnsicG9zdF9pZCI6IjQ3In19@&#8221; _builder_version=&#8221;4.11.3&#8243; _dynamic_attributes=&#8221;button_one_url&#8221; _module_preset=&#8221;default&#8221; content_text_color=&#8221;#969696&#8243; background_image=&#8221;https:\/\/physio-pro.hu\/wp-content\/uploads\/2021\/10\/For-personalized-nutrition-to-reach-its-full-market-potential-brands-must-better-explain-benefits_wrbm_large-1-e1634414214803.jpg&#8221; background_position=&#8221;bottom_center&#8221; custom_button_one=&#8221;on&#8221; button_one_text_color=&#8221;#757575&#8243; background_layout=&#8221;light&#8221; min_height=&#8221;400px&#8221; custom_margin=&#8221;50px||50px||false|false&#8221; global_colors_info=&#8221;{}&#8221;][\/et_pb_fullwidth_header][et_pb_fullwidth_header title=&#8221;Edz\u00e9s&#8221; button_one_text=&#8221;R\u00e9szletek&#8221; button_one_url=&#8221;@ET-DC@eyJkeW5hbWljIjp0cnVlLCJjb250ZW50IjoicG9zdF9saW5rX3VybF9wYWdlIiwic2V0dGluZ3MiOnsicG9zdF9pZCI6IjMwMyJ9fQ==@&#8221; _builder_version=&#8221;4.11.4&#8243; _dynamic_attributes=&#8221;button_one_url&#8221; _module_preset=&#8221;default&#8221; background_image=&#8221;https:\/\/physio-pro.hu\/wp-content\/uploads\/2021\/07\/B9E6A1C7-CF46-4BCE-A530-DE0E69ED42F0_1_201_a-scaled.jpg&#8221; background_position=&#8221;bottom_center&#8221; min_height=&#8221;392px&#8221; custom_margin=&#8221;36px||36px||true|&#8221; hover_enabled=&#8221;0&#8243; global_colors_info=&#8221;{}&#8221; sticky_enabled=&#8221;0&#8243;][\/et_pb_fullwidth_header][et_pb_fullwidth_header title=&#8221;PhysioPRO sz\u0171r\u00e9s&#8221; button_one_text=&#8221;R\u00e9szletek&#8221; button_one_url=&#8221;@ET-DC@eyJkeW5hbWljIjp0cnVlLCJjb250ZW50IjoicG9zdF9saW5rX3VybF9wYWdlIiwic2V0dGluZ3MiOnsicG9zdF9pZCI6IjMwMyJ9fQ==@&#8221; _builder_version=&#8221;4.11.3&#8243; _dynamic_attributes=&#8221;button_one_url&#8221; _module_preset=&#8221;default&#8221; title_text_color=&#8221;#474747&#8243; background_image=&#8221;https:\/\/physio-pro.hu\/wp-content\/uploads\/2021\/07\/cropped-49C48EF1-809E-4DE8-9E61-740B789C7131_1_201_a-1-scaled-1.jpeg&#8221; background_position=&#8221;bottom_center&#8221; custom_button_one=&#8221;on&#8221; button_one_text_color=&#8221;#4f4f4f&#8221; background_layout=&#8221;light&#8221; min_height=&#8221;392px&#8221; global_colors_info=&#8221;{}&#8221;][\/et_pb_fullwidth_header][\/et_pb_section]<\/p>\n","protected":false},"excerpt":{"rendered":"<p>Gy\u00f3gytorna R\u00e9szletek Dietetika R\u00e9szletek Edz\u00e9s&#8230;<\/p>\n","protected":false},"author":2,"featured_media":482,"parent":0,"menu_order":0,"comment_status":"closed","ping_status":"closed","template":"","meta":{"_et_pb_use_builder":"on","_et_pb_old_content":"","_et_gb_content_width":""},"_links":{"self":[{"href":"https:\/\/physio-pro.hu\/index.php\/wp-json\/wp\/v2\/pages\/48"}],"collection":[{"href":"https:\/\/physio-pro.hu\/index.php\/wp-json\/wp\/v2\/pages"}],"about":[{"href":"https:\/\/physio-pro.hu\/index.php\/wp-json\/wp\/v2\/types\/page"}],"author":[{"embeddable":true,"href":"https:\/\/physio-pro.hu\/index.php\/wp-json\/wp\/v2\/users\/2"}],"replies":[{"embeddable":true,"href":"https:\/\/physio-pro.hu\/index.php\/wp-json\/wp\/v2\/comments?post=48"}],"version-history":[{"count":15,"href":"https:\/\/physio-pro.hu\/index.php\/wp-json\/wp\/v2\/pages\/48\/revisions"}],"predecessor-version":[{"id":746,"href":"https:\/\/physio-pro.hu\/index.php\/wp-json\/wp\/v2\/pages\/48\/revisions\/746"}],"wp:featuredmedia":[{"embeddable":true,"href":"https:\/\/physio-pro.hu\/index.php\/wp-json\/wp\/v2\/media\/482"}],"wp:attachment":[{"href":"https:\/\/physio-pro.hu\/index.php\/wp-json\/wp\/v2\/media?parent=48"}],"curies":[{"name":"wp","href":"https:\/\/api.w.org\/{rel}","templated":true}]}}