{"id":479,"date":"2021-10-16T20:17:52","date_gmt":"2021-10-16T20:17:52","guid":{"rendered":"https:\/\/physio-pro.hu\/?page_id=479"},"modified":"2024-01-23T16:01:17","modified_gmt":"2024-01-23T16:01:17","slug":"physiopro-szures","status":"publish","type":"page","link":"https:\/\/physio-pro.hu\/index.php\/szolgaltatasok\/physiopro-szures\/","title":{"rendered":"PhysioPRO sz\u0171r\u00e9s"},"content":{"rendered":"<p>[et_pb_section fb_built=&#8221;1&#8243; _builder_version=&#8221;4.16&#8243; _module_preset=&#8221;default&#8221; global_colors_info=&#8221;{}&#8221;][et_pb_row column_structure=&#8221;1_2,1_2&#8243; _builder_version=&#8221;4.16&#8243; _module_preset=&#8221;default&#8221; custom_padding=&#8221;14px|||||&#8221; global_colors_info=&#8221;{}&#8221;][et_pb_column type=&#8221;1_2&#8243; _builder_version=&#8221;4.16&#8243; _module_preset=&#8221;default&#8221; global_colors_info=&#8221;{}&#8221;][et_pb_slider show_arrows=&#8221;off&#8221; show_pagination=&#8221;off&#8221; use_bg_overlay=&#8221;on&#8221; use_text_overlay=&#8221;off&#8221; _builder_version=&#8221;4.16&#8243; _dynamic_attributes=&#8221;link_option_url&#8221; _module_preset=&#8221;default&#8221; header_font=&#8221;ABeeZee||||||||&#8221; header_text_align=&#8221;center&#8221; header_font_size=&#8221;49px&#8221; background_image=&#8221;https:\/\/physio-pro.hu\/wp-content\/uploads\/2021\/07\/4030FD27-1FC0-46E9-8996-EED4BB74B863_1_201_a-scaled.jpg&#8221; background_position=&#8221;center_right&#8221; min_height=&#8221;558.8px&#8221; custom_margin=&#8221;13px||-26px|||&#8221; custom_padding=&#8221;93px|||||&#8221; link_option_url=&#8221;@ET-DC@eyJkeW5hbWljIjp0cnVlLCJjb250ZW50IjoicG9zdF9saW5rX3VybF9wYWdlIiwic2V0dGluZ3MiOnsicG9zdF9pZCI6IjM5In19@&#8221; global_colors_info=&#8221;{}&#8221;][et_pb_slide heading=&#8221;PhysioPRO sz\u0171r\u00e9s&#8221; use_bg_overlay=&#8221;on&#8221; use_text_overlay=&#8221;off&#8221; _builder_version=&#8221;4.16&#8243; _dynamic_attributes=&#8221;link_option_url&#8221; _module_preset=&#8221;default&#8221; header_font=&#8221;Arial||||||||&#8221; header_text_align=&#8221;center&#8221; background_enable_color=&#8221;off&#8221; custom_button=&#8221;on&#8221; button_use_icon=&#8221;off&#8221; link_option_url=&#8221;@ET-DC@eyJkeW5hbWljIjp0cnVlLCJjb250ZW50IjoicG9zdF9saW5rX3VybF9wYWdlIiwic2V0dGluZ3MiOnsicG9zdF9pZCI6IjM5In19@&#8221; header_text_shadow_style=&#8221;preset1&#8243; global_colors_info=&#8221;{}&#8221; sticky_transition=&#8221;on&#8221;][\/et_pb_slide][\/et_pb_slider][\/et_pb_column][et_pb_column type=&#8221;1_2&#8243; _builder_version=&#8221;4.16&#8243; _module_preset=&#8221;default&#8221; global_colors_info=&#8221;{}&#8221;][et_pb_text quote_border_color=&#8221;gcid-12f79e8b-a3a5-4ff3-bc0e-a25fe56b1198&#8243; _builder_version=&#8221;4.16&#8243; _module_preset=&#8221;default&#8221; width=&#8221;98.9%&#8221; min_height=&#8221;579px&#8221; custom_margin=&#8221;-6px|||||&#8221; custom_padding=&#8221;6px|||||&#8221; global_colors_info=&#8221;{%22gcid-12f79e8b-a3a5-4ff3-bc0e-a25fe56b1198%22:%91%22quote_border_color%22%93}&#8221;]<\/p>\n<blockquote>\n<p><span style=\"font-weight: 400;\">A Physio-Pro Teljesk\u00f6r\u0171 fizikai \u00e1llapotfelm\u00e9r\u00e9s c\u00e9g\u00fcnk specialit\u00e1sa, melyet m\u00e1r t\u00f6bb helysz\u00ednen nagy esetsz\u00e1mmal v\u00e9gezt\u00fcnk el nagyon j\u00f3 eredm\u00e9nyeket el\u00e9rve.<\/span><\/p>\n<p><span style=\"font-weight: 400;\">Allapotfelm\u00e9r\u00e9s\u00fcnk sz\u0171r\u0151vizsg\u00e1latk\u00e9nt is funkcion\u00e1l, ahol kisz\u0171rj\u00fck a mozgat\u00f3 szervrendsszer panaszait, fizik\u00e1lis k\u00e9pess\u00e9gekben rejl\u0151 deficiteket, a t\u00e1pl\u00e1lkoz\u00e1si szok\u00e1sokban rejl\u0151 hib\u00e1kat \u00e9s az em\u00e9szt\u0151rendszeri probl\u00e9m\u00e1kat is.<\/span><\/p>\n<p style=\"text-align: justify;\"><span style=\"font-weight: 400;\">Felm\u00e9r\u00e9s\u00fcnk c\u00e9lja egy olyan egy\u00e9nreszabott \u00e9letm\u00f3dprogram k\u00e9sz\u00edt\u00e9se, mely seg\u00edts\u00e9g\u00e9vel klienseink a lehet\u0151 legc\u00e9lzottabban tehetnek eg\u00e9szs\u00e9g\u00fck\u00e9rt.<\/span><\/p>\n<\/blockquote>\n<p>[\/et_pb_text][\/et_pb_column][\/et_pb_row][et_pb_row _builder_version=&#8221;4.16&#8243; _module_preset=&#8221;default&#8221; min_height=&#8221;474.4px&#8221; global_colors_info=&#8221;{}&#8221;][et_pb_column type=&#8221;4_4&#8243; _builder_version=&#8221;4.16&#8243; _module_preset=&#8221;default&#8221; global_colors_info=&#8221;{}&#8221;][et_pb_text quote_border_color=&#8221;gcid-12f79e8b-a3a5-4ff3-bc0e-a25fe56b1198&#8243; _builder_version=&#8221;4.24.0&#8243; _module_preset=&#8221;default&#8221; custom_margin=&#8221;-35px|||||&#8221; custom_padding=&#8221;0px|||0px||&#8221; hover_enabled=&#8221;0&#8243; global_colors_info=&#8221;{%22gcid-12f79e8b-a3a5-4ff3-bc0e-a25fe56b1198%22:%91%22quote_border_color%22%93}&#8221; sticky_enabled=&#8221;0&#8243; text_line_height=&#8221;1.8em&#8221; text_orientation=&#8221;justified&#8221;]<\/p>\n<blockquote>\n<p style=\"text-align: justify;\"><strong>A program menete:<\/strong><\/p>\n<div id=\":sh\" class=\"Ar Au Ao\">\n<div id=\":sd\" class=\"Am aiL Al editable LW-avf tS-tW tS-tY\" hidefocus=\"true\" aria-label=\"\u00dczenet t\u00f6rzse\" g_editable=\"true\" role=\"textbox\" aria-multiline=\"true\" contenteditable=\"true\" spellcheck=\"false\" aria-owns=\":114\" aria-controls=\":114\" aria-expanded=\"false\" tabindex=\"1\">\n<div class=\"gmail_default\">\n<ol>\n<li style=\"list-style-type: none;\">\n<ol>\n<li dir=\"ltr\" style=\"text-align: justify;\">\n<p dir=\"ltr\" role=\"presentation\"><strong>El\u0151zetes anamn\u00e9zisfelv\u00e9tel (e-mail-ben kik\u00fcldve):<\/strong><\/p>\n<p dir=\"ltr\" role=\"presentation\"><span>&#8211; Fizikai aktivit\u00e1s \u00e9s t\u00e1pl\u00e1lkoz\u00e1s beli szok\u00e1sok felm\u00e9r\u00e9se<\/span><\/p>\n<p dir=\"ltr\" role=\"presentation\"><span>&#8211; Mozg\u00e1sszervi panaszok felm\u00e9r\u00e9se<\/span><\/p>\n<p dir=\"ltr\" role=\"presentation\"><span>&#8211;<span class=\"gmail-Apple-converted-space\">\u00a0<\/span>Fizikai c\u00e9lok kit\u0171z\u00e9se<\/span><\/p>\n<p dir=\"ltr\" role=\"presentation\"><span>&#8211;<span class=\"gmail-Apple-converted-space\">\u00a0<\/span>\u00a0(+opcion\u00e1lisan fizikai k\u00e9pess\u00e9gek felm\u00e9r\u00e9se)<\/span><\/p>\n<p><span><\/span><\/p>\n<\/li>\n<li dir=\"ltr\" style=\"text-align: justify;\">\n<p dir=\"ltr\" role=\"presentation\"><strong>Szem\u00e9lyes anamn\u00e9zis felv\u00e9tel:<\/strong><\/p>\n<p dir=\"ltr\" role=\"presentation\"><span>&#8211;<span class=\"gmail-Apple-converted-space\">\u00a0<\/span>Az egy\u00e9nileg meghat\u00e1rozott c\u00e9lok el\u00e9r\u00e9s\u00e9hez sz\u00fcks\u00e9ges fizikai k\u00e9pess\u00e9gek felm\u00e9r\u00e9se objekt\u00edv m\u00e9r\u0151eszk\u00f6z\u00f6kkel.<\/span><\/p>\n<p dir=\"ltr\" role=\"presentation\"><span>&#8211;<span class=\"gmail-Apple-converted-space\">\u00a0<\/span>S10-es Inbody test\u00f6sszet\u00e9tel m\u00e9r\u00e9s.<\/span><\/p>\n<p dir=\"ltr\" role=\"presentation\"><span>&#8211;<span class=\"gmail-Apple-converted-space\">\u00a0<\/span>Mozg\u00e1sszervi panaszok fel\u00fclvizsg\u00e1lata.<\/span><\/p>\n<p><span><\/span><\/p>\n<\/li>\n<li dir=\"ltr\" style=\"text-align: justify;\">\n<p dir=\"ltr\" role=\"presentation\"><strong>Egy\u00e9nre szabott javaslatt\u00e9tel:<\/strong><\/p>\n<p dir=\"ltr\" role=\"presentation\"><span>&#8211;<\/span><span class=\"gmail-Apple-converted-space\">\u00a0<\/span><span>Az el\u0151zetes \u00e9s szem\u00e9lyes anamn\u00e9zis felv\u00e9telen szerzett adatok ki\u00e9rt\u00e9kel\u00e9se.<\/span><\/p>\n<p dir=\"ltr\" role=\"presentation\"><span>&#8211;<span class=\"gmail-Apple-converted-space\">\u00a0<\/span>Az egy\u00e9ni c\u00e9lok el\u00e9r\u00e9s\u00e9hez \u00e9s a mozg\u00e1sszervi panaszok cs\u00f6kkent\u00e9s\u00e9hez sz\u00fcks\u00e9ges 8-12 hetes mozg\u00e1sprogram, a benne l\u00e9v\u0151 gyakorlati vide\u00f3t\u00e1rral.<\/span><\/p>\n<p dir=\"ltr\" role=\"presentation\"><span>&#8211;<span class=\"gmail-Apple-converted-space\">\u00a0<\/span>Az egy\u00e9ni c\u00e9lok el\u00e9r\u00e9s\u00e9hez \u00e9s az em\u00e9szt\u0151rendszeri panaszok cs\u00f6kkent\u00e9s\u00e9hez sz\u00fcks\u00e9ges dietetikai tan\u00e1csad\u00e1s.<\/span><\/p>\n<p dir=\"ltr\" role=\"presentation\"><span>&#8211;<span class=\"gmail-Apple-converted-space\">\u00a0<\/span>+ 8-12 h\u00e9ten kereszt\u00fcl heti 1 motiv\u00e1ci\u00f3 fenntart\u00f3 \u00e9s edukat\u00edv e-mail k\u00fcld\u00e9se, melyekben az \u00e9letm\u00f3dv\u00e1lt\u00e1s tov\u00e1bbi pill\u00e9reire is kit\u00e9r\u00fcnk.<\/span><\/p>\n<p><span><\/span><\/p>\n<\/li>\n<li dir=\"ltr\">\n<p dir=\"ltr\" role=\"presentation\" style=\"text-align: justify;\"><span><strong>Ig\u00e9ny szerint 8-12 h\u00e9t eltelt\u00e9vel \u00fajram\u00e9r\u00e9s<\/strong> az el\u0151zetes anamn\u00e9zis \u00fajrat\u00f6lt\u00e9s\u00e9vel, az egy\u00e9nre szabott szem\u00e9lyes felm\u00e9r\u00e9s megism\u00e9tl\u00e9s\u00e9vel \u00e9s a fejl\u0151d\u00e9shez m\u00e9rten friss\u00edtett javaslatokkal, edz\u00e9stervvel.\u00a0<\/span><\/p>\n<\/li>\n<\/ol>\n<\/li>\n<\/ol>\n<\/div>\n<\/div>\n<\/div>\n<\/blockquote>\n<p>[\/et_pb_text][\/et_pb_column][\/et_pb_row][et_pb_row _builder_version=&#8221;4.24.0&#8243; _module_preset=&#8221;default&#8221; column_structure=&#8221;2_5,3_5&#8243;][et_pb_column _builder_version=&#8221;4.24.0&#8243; _module_preset=&#8221;default&#8221; type=&#8221;2_5&#8243;][et_pb_image src=&#8221;https:\/\/physio-pro.hu\/wp-content\/uploads\/2024\/01\/pexels-leeloo-the-first-5428836-scaled.jpg&#8221; _builder_version=&#8221;4.24.0&#8243; _module_preset=&#8221;default&#8221; title_text=&#8221;pexels-leeloo-the-first-5428836&#8243; hover_enabled=&#8221;0&#8243; sticky_enabled=&#8221;0&#8243;][\/et_pb_image][et_pb_text _builder_version=&#8221;4.24.0&#8243; _module_preset=&#8221;default&#8221; hover_enabled=&#8221;0&#8243; sticky_enabled=&#8221;0&#8243;]<\/p>\n<p><span style=\"font-weight: 400;\">Programunk mag\u00e1nszem\u00e9lyeknek \u00e9s c\u00e9geknek is el\u00e9rhet\u0151!<\/span><span style=\"font-weight: 400;\"><br \/><\/span><span style=\"font-weight: 400;\">V\u00e1llalati megkeres\u00e9s eset\u00e9n programunk a lehet\u0151s\u00e9geknek \u00e9s ig\u00e9nyeknek megfelel\u0151en m\u00f3dos\u00edtjuk.\u00a0<\/span><\/p>\n<p><em><span style=\"font-weight: 400;\">Tov\u00e1bbi inform\u00e1ci\u00f3\u00e9rt, vagy a szolg\u00e1ltat\u00e1sr\u00f3l sz\u00f3l\u00f3 bros\u00far\u00e1\u00e9rt k\u00e9rj\u00fck \u00edrjanak nek\u00fcnk!<\/span><\/em><\/p>\n<p>[\/et_pb_text][et_pb_button button_text=&#8221;Kapcsolat&#8221; _builder_version=&#8221;4.24.0&#8243; _module_preset=&#8221;default&#8221; url_new_window=&#8221;on&#8221; button_url=&#8221;@ET-DC@eyJkeW5hbWljIjp0cnVlLCJjb250ZW50IjoicG9zdF9saW5rX3VybF9wYWdlIiwic2V0dGluZ3MiOnsicG9zdF9pZCI6IjM5In19@&#8221; _dynamic_attributes=&#8221;button_url&#8221; custom_button=&#8221;on&#8221; button_text_size=&#8221;21px&#8221; button_bg_color=&#8221;#dbdbdb&#8221; button_bg_enable_color=&#8221;on&#8221; button_border_width=&#8221;0px&#8221; button_border_color=&#8221;RGBA(255,255,255,0)&#8221; background_layout=&#8221;dark&#8221; hover_enabled=&#8221;0&#8243; sticky_enabled=&#8221;0&#8243;][\/et_pb_button][\/et_pb_column][et_pb_column _builder_version=&#8221;4.24.0&#8243; _module_preset=&#8221;default&#8221; type=&#8221;3_5&#8243;][et_pb_text _builder_version=&#8221;4.24.0&#8243; _module_preset=&#8221;default&#8221; hover_enabled=&#8221;0&#8243; sticky_enabled=&#8221;0&#8243;]<\/p>\n<p><strong>Kiknek sz\u00f3l a programunk?<\/strong><\/p>\n<ul>\n<li style=\"font-weight: 400;\" aria-level=\"1\"><span style=\"font-weight: 400;\">Neked, ha k\u00e9szen \u00e1llsz tenni az eg\u00e9szs\u00e9ged fejleszt\u00e9s\u00e9\u00e9rt \u00e9s eddig csak a kezd\u0151 l\u00f6k\u00e9sre v\u00e1rt\u00e1l<\/span><\/li>\n<li style=\"font-weight: 400;\" aria-level=\"1\"><span style=\"font-weight: 400;\">Neked, ha m\u00e1r eddig is tett\u00e9l az eg\u00e9szs\u00e9ged fejleszt\u00e9s\u00e9\u00e9rt, de most magasabb szintre szeretn\u00e9l l\u00e9pni<\/span><\/li>\n<li style=\"font-weight: 400;\" aria-level=\"1\"><span style=\"font-weight: 400;\">Neked, ha vannak mozg\u00e1sszervi panaszaid \u00e9s tenn\u00e9l ellen\u00fck<\/span><\/li>\n<li style=\"font-weight: 400;\" aria-level=\"1\"><span style=\"font-weight: 400;\">Neked, ha szeretn\u00e9d optimaliz\u00e1lni a test\u00f6sszet\u00e9teledet \u00e9s t\u00e1pl\u00e1lkoz\u00e1si szok\u00e1saidat<\/span><\/li>\n<li style=\"font-weight: 400;\" aria-level=\"1\"><span style=\"font-weight: 400;\">Neked, ha mozg\u00e1ssal, t\u00e1pl\u00e1lkoz\u00e1ssal kapcsolatos c\u00e9ljaid el\u00e9r\u00e9s\u00e9hez sz\u00fcks\u00e9ged van seg\u00edts\u00e9gre<\/span><\/li>\n<li style=\"font-weight: 400;\" aria-level=\"1\"><span style=\"font-weight: 400;\">Neked, ha id\u0151s korodban is szeretn\u00e9l akt\u00edvan eg\u00e9szs\u00e9gesen \u00e9lni.\u00a0<\/span><\/li>\n<\/ul>\n<p>[\/et_pb_text][\/et_pb_column][\/et_pb_row][\/et_pb_section]<\/p>\n","protected":false},"excerpt":{"rendered":"<p>PhysioPRO sz\u0171r\u00e9s A Physio-Pro Teljesk\u00f6r\u0171 fizikai&#8230;<\/p>\n","protected":false},"author":2,"featured_media":482,"parent":48,"menu_order":4,"comment_status":"closed","ping_status":"closed","template":"","meta":{"_et_pb_use_builder":"on","_et_pb_old_content":"","_et_gb_content_width":""},"_links":{"self":[{"href":"https:\/\/physio-pro.hu\/index.php\/wp-json\/wp\/v2\/pages\/479"}],"collection":[{"href":"https:\/\/physio-pro.hu\/index.php\/wp-json\/wp\/v2\/pages"}],"about":[{"href":"https:\/\/physio-pro.hu\/index.php\/wp-json\/wp\/v2\/types\/page"}],"author":[{"embeddable":true,"href":"https:\/\/physio-pro.hu\/index.php\/wp-json\/wp\/v2\/users\/2"}],"replies":[{"embeddable":true,"href":"https:\/\/physio-pro.hu\/index.php\/wp-json\/wp\/v2\/comments?post=479"}],"version-history":[{"count":11,"href":"https:\/\/physio-pro.hu\/index.php\/wp-json\/wp\/v2\/pages\/479\/revisions"}],"predecessor-version":[{"id":947,"href":"https:\/\/physio-pro.hu\/index.php\/wp-json\/wp\/v2\/pages\/479\/revisions\/947"}],"up":[{"embeddable":true,"href":"https:\/\/physio-pro.hu\/index.php\/wp-json\/wp\/v2\/pages\/48"}],"wp:featuredmedia":[{"embeddable":true,"href":"https:\/\/physio-pro.hu\/index.php\/wp-json\/wp\/v2\/media\/482"}],"wp:attachment":[{"href":"https:\/\/physio-pro.hu\/index.php\/wp-json\/wp\/v2\/media?parent=479"}],"curies":[{"name":"wp","href":"https:\/\/api.w.org\/{rel}","templated":true}]}}