{"id":47,"date":"2020-10-03T15:43:59","date_gmt":"2020-10-03T15:43:59","guid":{"rendered":"https:\/\/physio-pro.hu\/?page_id=47"},"modified":"2021-10-28T08:26:54","modified_gmt":"2021-10-28T08:26:54","slug":"dietetika","status":"publish","type":"page","link":"https:\/\/physio-pro.hu\/index.php\/dietetika\/","title":{"rendered":"Dietetika"},"content":{"rendered":"<p>[et_pb_section fb_built=&#8221;1&#8243; _builder_version=&#8221;4.11.3&#8243; _module_preset=&#8221;default&#8221; background_enable_color=&#8221;off&#8221; background_enable_image=&#8221;off&#8221; background_size=&#8221;contain&#8221; width=&#8221;90%&#8221; max_width=&#8221;100%&#8221; global_colors_info=&#8221;{}&#8221;][et_pb_row column_structure=&#8221;1_2,1_2&#8243; custom_padding_last_edited=&#8221;on|desktop&#8221; _builder_version=&#8221;4.11.3&#8243; _module_preset=&#8221;default&#8221; width=&#8221;100%&#8221; max_width=&#8221;2560px&#8221; module_alignment=&#8221;center&#8221; custom_margin=&#8221;|auto|35px|auto||&#8221; custom_padding_tablet=&#8221;&#8221; custom_padding_phone=&#8221;&#8221; global_colors_info=&#8221;{}&#8221;][et_pb_column type=&#8221;1_2&#8243; _builder_version=&#8221;4.11.3&#8243; _module_preset=&#8221;default&#8221; global_colors_info=&#8221;{}&#8221;][et_pb_slider show_arrows=&#8221;off&#8221; show_pagination=&#8221;off&#8221; use_bg_overlay=&#8221;on&#8221; bg_overlay_color=&#8221;rgba(0,0,0,0.64)&#8221; use_text_overlay=&#8221;off&#8221; _builder_version=&#8221;4.11.3&#8243; _dynamic_attributes=&#8221;link_option_url&#8221; _module_preset=&#8221;default&#8221; header_font=&#8221;ABeeZee||||||||&#8221; header_text_align=&#8221;center&#8221; header_text_color=&#8221;#FFFFFF&#8221; header_font_size=&#8221;49px&#8221; background_image=&#8221;https:\/\/physio-pro.hu\/wp-content\/uploads\/2021\/07\/EA4A91DC-900B-4D9E-A3D3-34BF77AF1BB6_1_201_a-1-scaled.jpg&#8221; background_position=&#8221;bottom_right&#8221; width=&#8221;98.9%&#8221; min_height=&#8221;897.8px&#8221; custom_padding=&#8221;85px||159px|||&#8221; link_option_url=&#8221;@ET-DC@eyJkeW5hbWljIjp0cnVlLCJjb250ZW50IjoicG9zdF9saW5rX3VybF9wYWdlIiwic2V0dGluZ3MiOnsicG9zdF9pZCI6IjM5In19@&#8221; global_colors_info=&#8221;{}&#8221;][et_pb_slide heading=&#8221;Dietetika&#8221; use_bg_overlay=&#8221;on&#8221; _builder_version=&#8221;4.11.3&#8243; _module_preset=&#8221;default&#8221; header_font=&#8221;Arial||||||||&#8221; header_text_align=&#8221;center&#8221; header_text_color=&#8221;#FFFFFF&#8221; background_enable_color=&#8221;off&#8221; background_image=&#8221;https:\/\/physio-pro.hu\/wp-content\/uploads\/2021\/07\/F7B5B49D-F1FE-4F2B-A707-F3E2EE2F2FC9_1_201_a-2-scaled-e1627567951521.jpg&#8221; background_enable_image=&#8221;on&#8221; background_position=&#8221;top_left&#8221; custom_button=&#8221;on&#8221; button_use_icon=&#8221;off&#8221; header_text_shadow_style=&#8221;preset1&#8243; global_colors_info=&#8221;{}&#8221; sticky_transition=&#8221;on&#8221;][\/et_pb_slide][\/et_pb_slider][\/et_pb_column][et_pb_column type=&#8221;1_2&#8243; _builder_version=&#8221;4.11.3&#8243; _module_preset=&#8221;default&#8221; global_colors_info=&#8221;{}&#8221;][et_pb_text quote_border_color=&#8221;rgba(3,84,107,0.4)&#8221; _builder_version=&#8221;4.11.3&#8243; _module_preset=&#8221;default&#8221; quote_text_align=&#8221;justify&#8221; quote_text_color=&#8221;#666666&#8243; text_orientation=&#8221;justified&#8221; min_height=&#8221;431px&#8221; custom_margin=&#8221;-22px|||||&#8221; custom_padding=&#8221;|0px||||&#8221; global_colors_info=&#8221;{}&#8221;]<\/p>\n<blockquote>\n<div><span>A dietetika a t\u00e1pl\u00e1lkoz\u00e1studom\u00e1ny azon szakter\u00fclete, amely foglalkozik a szervezet t\u00e1panyag ell\u00e1t\u00e1s\u00e1val \u00e9s az \u00e9trend szervezetre gyakorolt hat\u00e1s\u00e1val. <\/span><span><\/span><\/div>\n<div><span>Els\u0151dleges c\u00e9lja k\u00fcl\u00f6nb\u00f6z\u0151 alapanagcsere vagy em\u00e9szt\u0151rendszeri betegs\u00e9gekt\u0151l, \u00e9telallergia, -intoleranci\u00e1t\u00f3l szenved\u0151k oki \u00e9s t\u00fcneti kezel\u00e9se.<\/span><span><\/span><\/div>\n<div><span>Tan\u00e1csad\u00e1sunkra nem csup\u00e1n valamilyen betegs\u00e9ggel rendelkez\u0151 vend\u00e9geinket v\u00e1rjuk,\u00a0<\/span><span>hiszen a j\u00f3 eg\u00e9szs\u00e9g\u00fcgyi \u00e1llapot fenntart\u00e1s\u00e1hoz \u00e9s a k\u00fcl\u00f6nb\u00f6z\u0151 betegs\u00e9gek megel\u0151z\u00e9s\u00e9hez is sz\u00fcks\u00e9g van egy megfelel\u0151en \u00f6ssze\u00e1ll\u00edtott \u00e9trendre.<\/span><span><\/span><\/div>\n<div><span><\/span><\/div>\n<ul>\n<li><span>Rendel\u0151nkben a tan\u00e1csad\u00e1st minden esetben eg\u00e9szs\u00e9g\u00fcgyi \u00e9s \u00e9tkez\u00e9si szok\u00e1sokkal kapcsolatos r\u00e9szletes anamn\u00e9zisfelv\u00e9tel el\u0151zi meg, mely alapj\u00e1n a kiv\u00e1lasztjuk az egy\u00e9nre szabott ter\u00e1pi\u00e1s terveket.<\/span><\/li>\n<li><span>Az anamn\u00e9zist k\u00f6vet\u0151en t\u00e1pl\u00e1lts\u00e1gi \u00e1llapot felm\u00e9r\u00e9st v\u00e9gz\u00fcnk, melynek r\u00e9sze a kor\u00e1bban kik\u00fcld\u00f6tt \u00e9tkez\u00e9si napl\u00f3 elemz\u00e9se \u00e9s S10-es InBodyval v\u00e9gzett test\u00f6sszet\u00e9tel m\u00e9r\u00e9s.<\/span><\/li>\n<li><span>Az eredm\u00e9nyek \u00e9s a kit\u0171z\u00f6tt c\u00e9l t\u00fckr\u00e9ben, dietetikai tan\u00e1csad\u00e1s sor\u00e1n szem\u00e9lyre szabott t\u00e1pl\u00e1lkoz\u00e1s be\u00e1ll\u00edt\u00e1st kap minden vend\u00e9g, mely tartalmazza az egy\u00e9ni c\u00e9lokhoz igazod\u00f3 f\u0151 t\u00e1pl\u00e1lkoz\u00e1si szempontokat.<\/span><\/li>\n<\/ul>\n<\/blockquote>\n<div style=\"text-align: justify;\"><\/div>\n<p>[\/et_pb_text][\/et_pb_column][\/et_pb_row][et_pb_row column_structure=&#8221;1_2,1_2&#8243; _builder_version=&#8221;4.11.3&#8243; _module_preset=&#8221;default&#8221; width=&#8221;100%&#8221; max_width=&#8221;2560px&#8221; module_alignment=&#8221;center&#8221; min_height=&#8221;305.9px&#8221; global_colors_info=&#8221;{}&#8221;][et_pb_column type=&#8221;1_2&#8243; _builder_version=&#8221;4.11.3&#8243; _module_preset=&#8221;default&#8221; global_colors_info=&#8221;{}&#8221;][et_pb_slider show_arrows=&#8221;off&#8221; show_pagination=&#8221;off&#8221; use_bg_overlay=&#8221;on&#8221; use_text_overlay=&#8221;off&#8221; _builder_version=&#8221;4.11.3&#8243; _dynamic_attributes=&#8221;link_option_url&#8221; _module_preset=&#8221;default&#8221; header_font=&#8221;ABeeZee||||||||&#8221; header_text_align=&#8221;center&#8221; header_font_size=&#8221;49px&#8221; background_image=&#8221;https:\/\/physio-pro.hu\/wp-content\/uploads\/2021\/07\/5C66E321-D9C3-4E33-BAB4-D23C6E490556_1_201_a-5-scaled.jpg&#8221; min_height=&#8221;186.8px&#8221; custom_margin=&#8221;||-50px|||&#8221; link_option_url=&#8221;@ET-DC@eyJkeW5hbWljIjp0cnVlLCJjb250ZW50IjoicG9zdF9saW5rX3VybF9wYWdlIiwic2V0dGluZ3MiOnsicG9zdF9pZCI6IjM5In19@&#8221; global_colors_info=&#8221;{}&#8221;][et_pb_slide heading=&#8221;Test\u00f6sszet\u00e9tel m\u00e9r\u00e9s&#8221; use_bg_overlay=&#8221;on&#8221; _builder_version=&#8221;4.11.3&#8243; _module_preset=&#8221;default&#8221; header_font=&#8221;Arial||||||||&#8221; header_text_align=&#8221;center&#8221; background_enable_color=&#8221;off&#8221; background_image=&#8221;https:\/\/physio-pro.hu\/wp-content\/uploads\/2021\/07\/Kepernyofoto-2020-11-30-19.34.42.png&#8221; background_enable_image=&#8221;on&#8221; custom_button=&#8221;on&#8221; button_use_icon=&#8221;off&#8221; header_text_shadow_style=&#8221;preset1&#8243; global_colors_info=&#8221;{}&#8221; sticky_transition=&#8221;on&#8221;][\/et_pb_slide][\/et_pb_slider][\/et_pb_column][et_pb_column type=&#8221;1_2&#8243; _builder_version=&#8221;4.11.3&#8243; _module_preset=&#8221;default&#8221; global_colors_info=&#8221;{}&#8221;][et_pb_text quote_border_color=&#8221;rgba(3,84,107,0.4)&#8221; _builder_version=&#8221;4.11.3&#8243; _module_preset=&#8221;default&#8221; quote_text_align=&#8221;justify&#8221; quote_text_color=&#8221;#666666&#8243; text_orientation=&#8221;justified&#8221; min_height=&#8221;278px&#8221; custom_margin=&#8221;-19px|||||&#8221; custom_padding=&#8221;|16px||||&#8221; global_colors_info=&#8221;{}&#8221;]<\/p>\n<blockquote>\n<p>A test\u00f6sszet\u00e9tel m\u00e9r\u00e9s sor\u00e1n, egy InBody k\u00e9sz\u00fcl\u00e9kkel felm\u00e9rj\u00fck a tested izom\/ zs\u00edr tartalm\u00e1t \u00e9s ar\u00e1ny\u00e1t. Ebb\u0151l megtudhatod mennyi f\u00f6l\u00f6slege zs\u00edr van rajtad, vagy mennyi plusz izomra van sz\u00fcks\u00e9ged, c\u00e9lodt\u00f3l f\u00fcgg\u0151en.<\/p>\n<\/blockquote>\n<div style=\"text-align: justify;\"><\/div>\n<p>[\/et_pb_text][\/et_pb_column][\/et_pb_row][et_pb_row column_structure=&#8221;1_2,1_2&#8243; _builder_version=&#8221;4.11.3&#8243; _module_preset=&#8221;default&#8221; global_colors_info=&#8221;{}&#8221;][et_pb_column type=&#8221;1_2&#8243; _builder_version=&#8221;4.11.3&#8243; _module_preset=&#8221;default&#8221; global_colors_info=&#8221;{}&#8221;][et_pb_slider show_arrows=&#8221;off&#8221; show_pagination=&#8221;off&#8221; use_bg_overlay=&#8221;on&#8221; use_text_overlay=&#8221;off&#8221; _builder_version=&#8221;4.11.3&#8243; _dynamic_attributes=&#8221;link_option_url&#8221; _module_preset=&#8221;default&#8221; header_font=&#8221;ABeeZee||||||||&#8221; header_text_align=&#8221;center&#8221; header_font_size=&#8221;49px&#8221; background_enable_image=&#8221;off&#8221; min_height=&#8221;197.8px&#8221; custom_margin=&#8221;||50px|||&#8221; custom_padding=&#8221;||97px|||&#8221; link_option_url=&#8221;@ET-DC@eyJkeW5hbWljIjp0cnVlLCJjb250ZW50IjoicG9zdF9saW5rX3VybF9wYWdlIiwic2V0dGluZ3MiOnsicG9zdF9pZCI6IjM5In19@&#8221; global_colors_info=&#8221;{}&#8221;][et_pb_slide heading=&#8221;T\u00e1pl\u00e1lts\u00e1gi \u00e1llapot felm\u00e9r\u00e9s&#8221; use_bg_overlay=&#8221;on&#8221; bg_overlay_color=&#8221;rgba(0,0,0,0.45)&#8221; _builder_version=&#8221;4.11.3&#8243; _module_preset=&#8221;default&#8221; header_font=&#8221;Arial||||||||&#8221; header_text_align=&#8221;center&#8221; header_font_size=&#8221;48px&#8221; background_enable_color=&#8221;off&#8221; background_image=&#8221;https:\/\/physio-pro.hu\/wp-content\/uploads\/2021\/07\/yoga-instrcutor_81.jpg&#8221; background_enable_image=&#8221;on&#8221; background_position=&#8221;bottom_left&#8221; custom_button=&#8221;on&#8221; button_use_icon=&#8221;off&#8221; header_text_shadow_style=&#8221;preset1&#8243; global_colors_info=&#8221;{}&#8221; sticky_transition=&#8221;on&#8221;][\/et_pb_slide][\/et_pb_slider][\/et_pb_column][et_pb_column type=&#8221;1_2&#8243; _builder_version=&#8221;4.11.3&#8243; _module_preset=&#8221;default&#8221; global_colors_info=&#8221;{}&#8221;][et_pb_text quote_border_color=&#8221;rgba(3,84,107,0.4)&#8221; _builder_version=&#8221;4.11.3&#8243; _module_preset=&#8221;default&#8221; quote_text_align=&#8221;justify&#8221; quote_text_color=&#8221;#666666&#8243; text_orientation=&#8221;justified&#8221; custom_margin=&#8221;-21px||22px|||&#8221; custom_padding=&#8221;|16px||||&#8221; global_colors_info=&#8221;{}&#8221;]<\/p>\n<blockquote>\n<p>A t\u00e1pl\u00e1lts\u00e1gi \u00e1llapotra, a kit\u00f6lt\u00f6tt \u00e9tkez\u00e9s napl\u00f3b\u00f3l \u00e9s a m\u00e9rt test\u00f6sszet\u00e9telb\u0151l k\u00f6vetkeztet\u00fcnk.<br \/>Az \u00e9tkez\u00e9si napl\u00f3 elemz\u00e9se sor\u00e1n, figyelembe vessz\u00fck a k\u00fcl\u00f6nb\u00f6z\u0151 \u00e9lelmiszerek fogyaszt\u00e1si gyakoris\u00e1g\u00e1t, mennyis\u00e9g\u00e9t \u00e9s min\u0151s\u00e9g\u00e9t valamint id\u0151z\u00edt\u00e9s\u00e9t is, \u00edgy pontos k\u00e9pet kapunk az \u00e1ltal\u00e1nos \u00e9tkez\u00e9si szok\u00e1sair\u00f3l, mely seg\u00edt a tan\u00e1csad\u00e1st min\u00e9l ink\u00e1bb szem\u00e9lyre szabni.<\/p>\n<\/blockquote>\n<div style=\"text-align: justify;\"><\/div>\n<p>[\/et_pb_text][\/et_pb_column][\/et_pb_row][et_pb_row column_structure=&#8221;1_2,1_2&#8243; _builder_version=&#8221;4.11.3&#8243; _module_preset=&#8221;default&#8221; global_colors_info=&#8221;{}&#8221;][et_pb_column type=&#8221;1_2&#8243; _builder_version=&#8221;4.11.3&#8243; _module_preset=&#8221;default&#8221; global_colors_info=&#8221;{}&#8221;][et_pb_slider show_arrows=&#8221;off&#8221; show_pagination=&#8221;off&#8221; use_bg_overlay=&#8221;on&#8221; use_text_overlay=&#8221;off&#8221; _builder_version=&#8221;4.11.3&#8243; _dynamic_attributes=&#8221;link_option_url&#8221; _module_preset=&#8221;default&#8221; header_font=&#8221;ABeeZee||||||||&#8221; header_text_align=&#8221;center&#8221; header_font_size=&#8221;49px&#8221; background_image=&#8221;https:\/\/physio-pro.hu\/wp-content\/uploads\/2021\/07\/5C66E321-D9C3-4E33-BAB4-D23C6E490556_1_201_a-5-scaled.jpg&#8221; min_height=&#8221;404.8px&#8221; custom_margin=&#8221;||-76px|||&#8221; custom_padding=&#8221;||0px|||&#8221; link_option_url=&#8221;@ET-DC@eyJkeW5hbWljIjp0cnVlLCJjb250ZW50IjoicG9zdF9saW5rX3VybF9wYWdlIiwic2V0dGluZ3MiOnsicG9zdF9pZCI6IjM5In19@&#8221; global_colors_info=&#8221;{}&#8221;][et_pb_slide heading=&#8221;Egy\u00e9ni \u00e9trend tervez\u00e9s&#8221; use_bg_overlay=&#8221;on&#8221; bg_overlay_color=&#8221;rgba(0,0,0,0.45)&#8221; _builder_version=&#8221;4.11.3&#8243; _module_preset=&#8221;default&#8221; header_font=&#8221;Arial||||||||&#8221; header_text_align=&#8221;center&#8221; header_font_size=&#8221;48px&#8221; background_enable_color=&#8221;off&#8221; background_image=&#8221;https:\/\/physio-pro.hu\/wp-content\/uploads\/2021\/07\/Kepernyofoto-2021-07-29-11.31.05.png&#8221; background_enable_image=&#8221;on&#8221; background_position=&#8221;bottom_left&#8221; custom_button=&#8221;on&#8221; button_use_icon=&#8221;off&#8221; header_text_shadow_style=&#8221;preset1&#8243; global_colors_info=&#8221;{}&#8221; sticky_transition=&#8221;on&#8221;][\/et_pb_slide][\/et_pb_slider][\/et_pb_column][et_pb_column type=&#8221;1_2&#8243; _builder_version=&#8221;4.11.3&#8243; _module_preset=&#8221;default&#8221; global_colors_info=&#8221;{}&#8221;][et_pb_text quote_border_color=&#8221;rgba(3,84,107,0.4)&#8221; _builder_version=&#8221;4.11.3&#8243; _module_preset=&#8221;default&#8221; quote_text_align=&#8221;justify&#8221; quote_text_color=&#8221;#666666&#8243; text_orientation=&#8221;justified&#8221; custom_margin=&#8221;-21px||22px|||&#8221; custom_padding=&#8221;|16px||||&#8221; global_colors_info=&#8221;{}&#8221;]<\/p>\n<blockquote>\n<p><span>Teljesk\u00f6r\u0171, egy\u00e9nre szabott \u00e9trend kialak\u00edt\u00e1sa, mely lehet:<\/span><\/p>\n<ul>\n<li><span>Mozaik \u00e9trend a sz\u00fcks\u00e9ges energia- \u00e9s t\u00e1panyag mennyis\u00e9g alapj\u00e1n (kcal, feh\u00e9rje, zs\u00edr, sz\u00e9nhidr\u00e1t)<\/span><\/li>\n<li><span>Minta \u00e9trendek egy\u00e9nre szabva (1 hetes)<\/span><\/li>\n<li><span>Hossz\u00fat\u00e1v\u00fa egy\u00e9ni \u00e9trend (4h\u00e9tt\u0151l)<\/span><\/li>\n<\/ul>\n<p><span>Ezeken fel\u00fcl:<\/span><\/p>\n<ul>\n<li><span>Nyersanyag javaslatok<\/span><\/li>\n<li><span>Bev\u00e1s\u00e1rl\u00f3lista<\/span><\/li>\n<\/ul>\n<\/blockquote>\n<div style=\"text-align: justify;\"><\/div>\n<p>[\/et_pb_text][\/et_pb_column][\/et_pb_row][\/et_pb_section]<\/p>\n","protected":false},"excerpt":{"rendered":"<p>Dietetika A dietetika a t\u00e1pl\u00e1lkoz\u00e1studom\u00e1ny azon&#8230;<\/p>\n","protected":false},"author":2,"featured_media":269,"parent":0,"menu_order":0,"comment_status":"closed","ping_status":"closed","template":"","meta":{"_et_pb_use_builder":"on","_et_pb_old_content":"","_et_gb_content_width":""},"_links":{"self":[{"href":"https:\/\/physio-pro.hu\/index.php\/wp-json\/wp\/v2\/pages\/47"}],"collection":[{"href":"https:\/\/physio-pro.hu\/index.php\/wp-json\/wp\/v2\/pages"}],"about":[{"href":"https:\/\/physio-pro.hu\/index.php\/wp-json\/wp\/v2\/types\/page"}],"author":[{"embeddable":true,"href":"https:\/\/physio-pro.hu\/index.php\/wp-json\/wp\/v2\/users\/2"}],"replies":[{"embeddable":true,"href":"https:\/\/physio-pro.hu\/index.php\/wp-json\/wp\/v2\/comments?post=47"}],"version-history":[{"count":35,"href":"https:\/\/physio-pro.hu\/index.php\/wp-json\/wp\/v2\/pages\/47\/revisions"}],"predecessor-version":[{"id":714,"href":"https:\/\/physio-pro.hu\/index.php\/wp-json\/wp\/v2\/pages\/47\/revisions\/714"}],"wp:featuredmedia":[{"embeddable":true,"href":"https:\/\/physio-pro.hu\/index.php\/wp-json\/wp\/v2\/media\/269"}],"wp:attachment":[{"href":"https:\/\/physio-pro.hu\/index.php\/wp-json\/wp\/v2\/media?parent=47"}],"curies":[{"name":"wp","href":"https:\/\/api.w.org\/{rel}","templated":true}]}}