{"id":416,"date":"2021-10-16T18:01:44","date_gmt":"2021-10-16T18:01:44","guid":{"rendered":"https:\/\/physio-pro.hu\/?page_id=416"},"modified":"2021-10-16T18:18:05","modified_gmt":"2021-10-16T18:18:05","slug":"bemutatkozas-nkb","status":"publish","type":"page","link":"https:\/\/physio-pro.hu\/index.php\/rolunk-2\/bemutatkozas-nkb\/","title":{"rendered":"Bemutatkoz\u00e1s"},"content":{"rendered":"<p>[et_pb_section fb_built=&#8221;1&#8243; _builder_version=&#8221;4.11.3&#8243; _module_preset=&#8221;default&#8221;][et_pb_row _builder_version=&#8221;4.11.3&#8243; _dynamic_attributes=&#8221;link_option_url&#8221; _module_preset=&#8221;default&#8221; animation_style=&#8221;fade&#8221; link_option_url=&#8221;@ET-DC@eyJkeW5hbWljIjp0cnVlLCJjb250ZW50IjoicG9zdF9hdXRob3JfdXJsIiwic2V0dGluZ3MiOnt9fQ==@&#8221; global_colors_info=&#8221;{}&#8221;][et_pb_column type=&#8221;4_4&#8243; _builder_version=&#8221;4.11.3&#8243; _module_preset=&#8221;default&#8221; global_colors_info=&#8221;{}&#8221;][et_pb_team_member name=&#8221;N\u00e9meth-Kriv\u00e1n Berta&#8221; position=&#8221;Gy\u00f3gytorn\u00e1sz \u00e9s Szem\u00e9lyi edz\u0151&#8221; image_url=&#8221;https:\/\/physio-pro.hu\/wp-content\/uploads\/2021\/07\/0302C22A-ADFB-4F01-9202-410FAB2DBFE1_1_201_a-scaled.jpeg&#8221; _builder_version=&#8221;4.11.3&#8243; _module_preset=&#8221;default&#8221; hover_enabled=&#8221;0&#8243; box_shadow_style_image=&#8221;preset1&#8243; global_colors_info=&#8221;{}&#8221; title_text=&#8221;0302C22A-ADFB-4F01-9202-410FAB2DBFE1_1_201_a&#8221; sticky_enabled=&#8221;0&#8243;]<\/p>\n<p><span>Tanulm\u00e1nyok:<\/span><\/p>\n<p><span>\u2022 Gy\u00f3gytorn\u00e1sz BSc- Semmelweis Egyetem <br \/>\u2022 Mulligan manu\u00e1l ter\u00e1pia I-II. <br \/><\/span><span>\u2022 McKenzie Mechanikai Diagn\u00f3zis \u00e9s ter\u00e1pia \u201eA\u201d <br \/>\u2022 Certified Functional Strength Coach Level I. <br \/>\u2022 Szem\u00e9lyi Edz\u0151- International Wellness Institute<br \/><\/span><span>\u2022 Gy\u00f3gymassz\u0151r<\/span><\/p>\n<p>[\/et_pb_team_member][\/et_pb_column][\/et_pb_row][\/et_pb_section]<\/p>\n","protected":false},"excerpt":{"rendered":"<p>N\u00e9meth-Kriv\u00e1n Berta Gy\u00f3gytorn\u00e1sz \u00e9s Szem\u00e9lyi edz\u0151&#8230;<\/p>\n","protected":false},"author":2,"featured_media":0,"parent":165,"menu_order":2,"comment_status":"closed","ping_status":"closed","template":"","meta":{"_et_pb_use_builder":"on","_et_pb_old_content":"","_et_gb_content_width":""},"_links":{"self":[{"href":"https:\/\/physio-pro.hu\/index.php\/wp-json\/wp\/v2\/pages\/416"}],"collection":[{"href":"https:\/\/physio-pro.hu\/index.php\/wp-json\/wp\/v2\/pages"}],"about":[{"href":"https:\/\/physio-pro.hu\/index.php\/wp-json\/wp\/v2\/types\/page"}],"author":[{"embeddable":true,"href":"https:\/\/physio-pro.hu\/index.php\/wp-json\/wp\/v2\/users\/2"}],"replies":[{"embeddable":true,"href":"https:\/\/physio-pro.hu\/index.php\/wp-json\/wp\/v2\/comments?post=416"}],"version-history":[{"count":2,"href":"https:\/\/physio-pro.hu\/index.php\/wp-json\/wp\/v2\/pages\/416\/revisions"}],"predecessor-version":[{"id":433,"href":"https:\/\/physio-pro.hu\/index.php\/wp-json\/wp\/v2\/pages\/416\/revisions\/433"}],"up":[{"embeddable":true,"href":"https:\/\/physio-pro.hu\/index.php\/wp-json\/wp\/v2\/pages\/165"}],"wp:attachment":[{"href":"https:\/\/physio-pro.hu\/index.php\/wp-json\/wp\/v2\/media?parent=416"}],"curies":[{"name":"wp","href":"https:\/\/api.w.org\/{rel}","templated":true}]}}