{"id":37,"date":"2020-10-03T15:43:59","date_gmt":"2020-10-03T15:43:59","guid":{"rendered":"https:\/\/physio-pro.hu\/?page_id=37"},"modified":"2024-01-23T16:47:41","modified_gmt":"2024-01-23T16:47:41","slug":"kezdolap","status":"publish","type":"page","link":"https:\/\/physio-pro.hu\/","title":{"rendered":"Kezd\u0151lap"},"content":{"rendered":"<p>[et_pb_section fb_built=&#8221;1&#8243; specialty=&#8221;on&#8221; _builder_version=&#8221;4.16&#8243; _module_preset=&#8221;default&#8221; min_height=&#8221;488.5px&#8221; custom_margin=&#8221;||-25px|||&#8221; custom_padding=&#8221;57px||5px|||&#8221; global_colors_info=&#8221;{}&#8221;][et_pb_column type=&#8221;1_2&#8243; _builder_version=&#8221;4.16&#8243; custom_padding=&#8221;|||&#8221; global_colors_info=&#8221;{}&#8221; custom_padding__hover=&#8221;|||&#8221;][et_pb_text quote_border_color=&#8221;rgba(40,99,109,0.31)&#8221; _builder_version=&#8221;4.11.4&#8243; _module_preset=&#8221;default&#8221; quote_text_color=&#8221;#8c8c8c&#8221; background_image=&#8221;https:\/\/physio-pro.hu\/wp-content\/uploads\/2021\/10\/Kep1-1.png&#8221; background_size=&#8221;contain&#8221; background_position=&#8221;top_left&#8221; width=&#8221;100%&#8221; min_height=&#8221;419px&#8221; custom_margin=&#8221;-37px|||4px||&#8221; custom_padding=&#8221;|11px||||&#8221; global_module=&#8221;528&#8243; saved_tabs=&#8221;all&#8221; global_colors_info=&#8221;{}&#8221;]<\/p>\n<blockquote>\n<div>\n<p class=\"Standard\" style=\"text-align: justify;\"><span>A PhysioPro csapat\u00e1ban a k\u00fcl\u00f6nb\u00f6z\u0151 szakter\u00fcletekr\u0151l szerzett tud\u00e1st k\u00f6z\u00f6snek tekintj\u00fck. Sz\u00fcks\u00e9g eset\u00e9n az egy\u00e9ni kezel\u00e9seket is \u00e1tbesz\u00e9lj\u00fck k\u00f6z\u00f6sen, \u00edgy t\u00f6bb perspekt\u00edv\u00e1b\u00f3l szeml\u00e9lve v\u00e9gezz\u00fck az ir\u00e1nydiagn\u00f3zis fel\u00e1ll\u00edt\u00e1s\u00e1t, az\u00a0<\/span>egy\u00e9nre szabott\u00a0kezel\u00e9seket,\u00a0edz\u00e9seket, \u00e9letm\u00f3db\u00e9li tan\u00e1csad\u00e1st \u00e9s a kontroll vizsg\u00e1latokat.<\/p>\n<p class=\"Standard\" style=\"text-align: justify;\"><span>Csapatunk tagjainak szakmai tud\u00e1sa nagyon j\u00f3l kieg\u00e9sz\u00edti egym\u00e1st, \u00edgy a rehabilit\u00e1ci\u00f3 \u00e9s az \u00e9letm\u00f3dv\u00e1lt\u00e1s legk\u00fcl\u00f6nb\u00f6z\u0151bb f\u00e1zisaiban is seg\u00edts\u00e9get tudunk ny\u00fajtani. <\/span><\/p>\n<p class=\"Standard\" style=\"text-align: justify;\"><span>Meggy\u0151z\u0151d\u00e9s\u00fcnk a nyitotts\u00e1g, a szakmais\u00e1g, a bizony\u00edt\u00e9kokon alapul\u00f3 kezel\u00e9s, \u00e9s a j\u00f3 hangulat a munka sor\u00e1n!<\/span><\/p>\n<\/div>\n<div>\n<p class=\"Standard\"><o:p><\/o:p><\/p>\n<\/div>\n<\/blockquote>\n<p>[\/et_pb_text][\/et_pb_column][et_pb_column type=&#8221;1_2&#8243; specialty_columns=&#8221;2&#8243; _builder_version=&#8221;4.16&#8243; custom_padding=&#8221;|||&#8221; global_colors_info=&#8221;{}&#8221; custom_padding__hover=&#8221;|||&#8221;][et_pb_row_inner _builder_version=&#8221;4.16&#8243; _module_preset=&#8221;default&#8221; custom_padding=&#8221;3px|||0px||&#8221; global_colors_info=&#8221;{}&#8221;][et_pb_column_inner saved_specialty_column_type=&#8221;1_2&#8243; _builder_version=&#8221;4.16&#8243; _module_preset=&#8221;default&#8221; global_colors_info=&#8221;{}&#8221;][et_pb_image src=&#8221;https:\/\/physio-pro.hu\/wp-content\/uploads\/2021\/07\/E34DD741-FC57-4E8E-B375-C98EFF3E884D_1_201_a-scaled-e1627555165536.jpg&#8221; title_text=&#8221;E34DD741-FC57-4E8E-B375-C98EFF3E884D_1_201_a&#8221; align=&#8221;center&#8221; _builder_version=&#8221;4.16&#8243; _module_preset=&#8221;default&#8221; min_height=&#8221;482px&#8221; custom_padding=&#8221;0px|||||&#8221; filter_opacity=&#8221;35%&#8221; global_colors_info=&#8221;{}&#8221;][\/et_pb_image][\/et_pb_column_inner][\/et_pb_row_inner][\/et_pb_column][\/et_pb_section][et_pb_section fb_built=&#8221;1&#8243; fullwidth=&#8221;on&#8221; _builder_version=&#8221;4.16&#8243; _module_preset=&#8221;default&#8221; custom_margin=&#8221;-29px|||||&#8221; animation_style=&#8221;fade&#8221; animation_duration=&#8221;300ms&#8221; global_colors_info=&#8221;{}&#8221;][et_pb_fullwidth_slider use_bg_overlay=&#8221;off&#8221; use_text_overlay=&#8221;off&#8221; _builder_version=&#8221;4.16&#8243; _module_preset=&#8221;default&#8221; width=&#8221;98.8%&#8221; min_height=&#8221;546.8px&#8221; custom_margin=&#8221;44px|||||&#8221; custom_padding=&#8221;|37px||||&#8221; animation_style=&#8221;fade&#8221; auto=&#8221;on&#8221; auto_speed=&#8221;8000&#8243; auto_ignore_hover=&#8221;on&#8221; global_colors_info=&#8221;{}&#8221;][et_pb_slide heading=&#8221;Gy\u00f3gytorna&#8221; button_text=&#8221;R\u00e9szletek&#8221; button_link=&#8221;@ET-DC@eyJkeW5hbWljIjp0cnVlLCJjb250ZW50IjoicG9zdF9saW5rX3VybF9wYWdlIiwic2V0dGluZ3MiOnsicG9zdF9pZCI6IjQ2In19@&#8221; use_bg_overlay=&#8221;on&#8221; use_text_overlay=&#8221;off&#8221; _builder_version=&#8221;4.16&#8243; _dynamic_attributes=&#8221;button_link&#8221; _module_preset=&#8221;default&#8221; header_level=&#8221;h2&#8243; body_font_size=&#8221;15px&#8221; background_image=&#8221;https:\/\/physio-pro.hu\/wp-content\/uploads\/2021\/07\/EA4A91DC-900B-4D9E-A3D3-34BF77AF1BB6_1_201_a-1-scaled.jpg&#8221; background_enable_image=&#8221;on&#8221; custom_button=&#8221;on&#8221; button_on_hover=&#8221;on&#8221; box_shadow_style_image=&#8221;preset1&#8243; global_colors_info=&#8221;{}&#8221; sticky_transition=&#8221;on&#8221;][\/et_pb_slide][et_pb_slide heading=&#8221;Sport s\u00e9r\u00fcl\u00e9s rehabilit\u00e1ci\u00f3&#8221; button_text=&#8221;R\u00e9szletek&#8221; button_link=&#8221;@ET-DC@eyJkeW5hbWljIjp0cnVlLCJjb250ZW50IjoicG9zdF9saW5rX3VybF9wYWdlIiwic2V0dGluZ3MiOnsicG9zdF9pZCI6IjQ2In19@&#8221; use_bg_overlay=&#8221;on&#8221; _builder_version=&#8221;4.16&#8243; _dynamic_attributes=&#8221;button_link&#8221; _module_preset=&#8221;default&#8221; background_image=&#8221;https:\/\/physio-pro.hu\/wp-content\/uploads\/2021\/07\/3967AA3D-F451-4AAC-A8EB-B3C5C69F9FE3_1_201_a-2-scaled.jpg&#8221; background_enable_image=&#8221;on&#8221; background_position=&#8221;bottom_center&#8221; box_shadow_style_image=&#8221;preset1&#8243; global_colors_info=&#8221;{}&#8221; sticky_transition=&#8221;on&#8221;][\/et_pb_slide][et_pb_slide heading=&#8221;Manu\u00e1lter\u00e1pia&#8221; button_text=&#8221;R\u00e9szletek&#8221; button_link=&#8221;@ET-DC@eyJkeW5hbWljIjp0cnVlLCJjb250ZW50IjoicG9zdF9saW5rX3VybF9wYWdlIiwic2V0dGluZ3MiOnsicG9zdF9pZCI6IjQ2In19@&#8221; use_bg_overlay=&#8221;on&#8221; _builder_version=&#8221;4.16&#8243; _dynamic_attributes=&#8221;button_link&#8221; _module_preset=&#8221;default&#8221; background_image=&#8221;https:\/\/physio-pro.hu\/wp-content\/uploads\/2021\/07\/5C66E321-D9C3-4E33-BAB4-D23C6E490556_1_201_a-5-scaled.jpg&#8221; background_enable_image=&#8221;on&#8221; child_filter_brightness=&#8221;121%&#8221; child_filter_opacity=&#8221;98%&#8221; box_shadow_style_image=&#8221;preset1&#8243; global_colors_info=&#8221;{}&#8221; sticky_transition=&#8221;on&#8221;][\/et_pb_slide][\/et_pb_fullwidth_slider][et_pb_fullwidth_slider use_text_overlay=&#8221;off&#8221; _builder_version=&#8221;4.16&#8243; _module_preset=&#8221;default&#8221; width=&#8221;98.8%&#8221; min_height=&#8221;581.8px&#8221; custom_margin=&#8221;38px|||||&#8221; custom_padding=&#8221;5px|37px||||&#8221; animation_style=&#8221;fade&#8221; auto=&#8221;on&#8221; auto_speed=&#8221;8000&#8243; global_colors_info=&#8221;{}&#8221;][et_pb_slide heading=&#8221;Test\u00f6sszet\u00e9tel m\u00e9r\u00e9s&#8221; button_text=&#8221;R\u00e9szletek&#8221; button_link=&#8221;@ET-DC@eyJkeW5hbWljIjp0cnVlLCJjb250ZW50IjoicG9zdF9saW5rX3VybF9wYWdlIiwic2V0dGluZ3MiOnsicG9zdF9pZCI6IjcxNSJ9fQ==@&#8221; use_bg_overlay=&#8221;on&#8221; use_text_overlay=&#8221;off&#8221; _builder_version=&#8221;4.16&#8243; _dynamic_attributes=&#8221;button_link&#8221; _module_preset=&#8221;default&#8221; background_color=&#8221;rgba(147,189,196,0.87)&#8221; background_enable_color=&#8221;on&#8221; background_image=&#8221;https:\/\/physio-pro.hu\/wp-content\/uploads\/2021\/07\/Kepernyofoto-2020-11-30-19.34.42.png&#8221; background_enable_image=&#8221;on&#8221; background_position=&#8221;center_left&#8221; box_shadow_style_image=&#8221;preset1&#8243; global_colors_info=&#8221;{}&#8221; sticky_transition=&#8221;on&#8221;][\/et_pb_slide][et_pb_slide heading=&#8221;Dietetikai tan\u00e1csad\u00e1s&#8221; button_text=&#8221;R\u00e9szletek&#8221; button_link=&#8221;@ET-DC@eyJkeW5hbWljIjp0cnVlLCJjb250ZW50IjoicG9zdF9saW5rX3VybF9wYWdlIiwic2V0dGluZ3MiOnsicG9zdF9pZCI6IjcxNSJ9fQ==@&#8221; use_bg_overlay=&#8221;on&#8221; _builder_version=&#8221;4.16&#8243; _dynamic_attributes=&#8221;button_link&#8221; _module_preset=&#8221;default&#8221; background_image=&#8221;https:\/\/physio-pro.hu\/wp-content\/uploads\/2021\/10\/For-personalized-nutrition-to-reach-its-full-market-potential-brands-must-better-explain-benefits_wrbm_large.jpg&#8221; background_enable_image=&#8221;on&#8221; child_filter_brightness=&#8221;109%&#8221; child_filter_opacity=&#8221;81%&#8221; box_shadow_style_image=&#8221;preset1&#8243; global_colors_info=&#8221;{}&#8221; sticky_transition=&#8221;on&#8221;][\/et_pb_slide][et_pb_slide heading=&#8221;\u00c9tkez\u00e9si napl\u00f3 elemz\u00e9s&#8221; button_text=&#8221;R\u00e9szletek&#8221; button_link=&#8221;@ET-DC@eyJkeW5hbWljIjp0cnVlLCJjb250ZW50IjoicG9zdF9saW5rX3VybF9wYWdlIiwic2V0dGluZ3MiOnsicG9zdF9pZCI6IjcxNSJ9fQ==@&#8221; use_bg_overlay=&#8221;on&#8221; _builder_version=&#8221;4.16&#8243; _dynamic_attributes=&#8221;button_link&#8221; _module_preset=&#8221;default&#8221; background_image=&#8221;https:\/\/physio-pro.hu\/wp-content\/uploads\/2021\/07\/Kepernyofoto-2021-07-29-11.21.16.png&#8221; background_enable_image=&#8221;on&#8221; child_filter_opacity=&#8221;86%&#8221; box_shadow_style_image=&#8221;preset1&#8243; global_colors_info=&#8221;{}&#8221; sticky_transition=&#8221;on&#8221;][\/et_pb_slide][et_pb_slide heading=&#8221;Egy\u00e9ni \u00e9trend tervez\u00e9s&#8221; button_text=&#8221;R\u00e9szletek&#8221; button_link=&#8221;@ET-DC@eyJkeW5hbWljIjp0cnVlLCJjb250ZW50IjoicG9zdF9saW5rX3VybF9wYWdlIiwic2V0dGluZ3MiOnsicG9zdF9pZCI6IjcxNSJ9fQ==@&#8221; use_bg_overlay=&#8221;on&#8221; _builder_version=&#8221;4.16&#8243; _dynamic_attributes=&#8221;button_link&#8221; _module_preset=&#8221;default&#8221; background_image=&#8221;https:\/\/physio-pro.hu\/wp-content\/uploads\/2021\/07\/Kepernyofoto-2021-07-29-11.31.05.png&#8221; background_enable_image=&#8221;on&#8221; child_filter_opacity=&#8221;91%&#8221; box_shadow_style_image=&#8221;preset1&#8243; global_colors_info=&#8221;{}&#8221; sticky_transition=&#8221;on&#8221;][\/et_pb_slide][\/et_pb_fullwidth_slider][et_pb_fullwidth_slider use_text_overlay=&#8221;off&#8221; _builder_version=&#8221;4.16&#8243; _module_preset=&#8221;default&#8221; width=&#8221;98.8%&#8221; min_height=&#8221;627.8px&#8221; custom_margin=&#8221;38px|||||&#8221; custom_padding=&#8221;|37px||||&#8221; animation_style=&#8221;fade&#8221; auto=&#8221;on&#8221; auto_speed=&#8221;8000&#8243; global_colors_info=&#8221;{}&#8221;][et_pb_slide heading=&#8221;Szem\u00e9lyi edz\u00e9s&#8221; button_text=&#8221;R\u00e9szletek&#8221; button_link=&#8221;@ET-DC@eyJkeW5hbWljIjp0cnVlLCJjb250ZW50IjoicG9zdF9saW5rX3VybF9wYWdlIiwic2V0dGluZ3MiOnsicG9zdF9pZCI6IjMwMyJ9fQ==@&#8221; use_bg_overlay=&#8221;on&#8221; _builder_version=&#8221;4.16&#8243; _dynamic_attributes=&#8221;button_link&#8221; _module_preset=&#8221;default&#8221; background_image=&#8221;https:\/\/physio-pro.hu\/wp-content\/uploads\/2021\/07\/EBB1F9DC-9DD5-4E97-ABCE-C1F06A45093D_1_201_a-1-scaled.jpg&#8221; background_enable_image=&#8221;on&#8221; box_shadow_style_image=&#8221;preset1&#8243; global_colors_info=&#8221;{}&#8221; sticky_transition=&#8221;on&#8221;][\/et_pb_slide][et_pb_slide heading=&#8221;Er\u0151nl\u00e9ti edz\u00e9s&#8221; button_text=&#8221;R\u00e9szletek&#8221; button_link=&#8221;@ET-DC@eyJkeW5hbWljIjp0cnVlLCJjb250ZW50IjoicG9zdF9saW5rX3VybF9wYWdlIiwic2V0dGluZ3MiOnsicG9zdF9pZCI6IjMwMyJ9fQ==@&#8221; use_bg_overlay=&#8221;on&#8221; _builder_version=&#8221;4.16&#8243; _dynamic_attributes=&#8221;button_link&#8221; _module_preset=&#8221;default&#8221; background_image=&#8221;https:\/\/physio-pro.hu\/wp-content\/uploads\/2021\/07\/2C7DE1E9-3591-4420-8405-5C7650538DC4_1_201_a-scaled.jpg&#8221; background_enable_image=&#8221;on&#8221; background_position=&#8221;center_left&#8221; box_shadow_style_image=&#8221;preset1&#8243; global_colors_info=&#8221;{}&#8221; sticky_transition=&#8221;on&#8221;][\/et_pb_slide][\/et_pb_fullwidth_slider][\/et_pb_section][et_pb_section fb_built=&#8221;1&#8243; fullwidth=&#8221;on&#8221; _builder_version=&#8221;4.16&#8243; _module_preset=&#8221;default&#8221; global_colors_info=&#8221;{}&#8221;][et_pb_fullwidth_slider use_bg_overlay=&#8221;off&#8221; use_text_overlay=&#8221;off&#8221; _builder_version=&#8221;4.24.0&#8243; _module_preset=&#8221;default&#8221; width=&#8221;98.8%&#8221; min_height=&#8221;668.8px&#8221; custom_margin=&#8221;37px|||||&#8221; custom_padding=&#8221;13px|37px||||&#8221; animation_style=&#8221;fade&#8221; auto=&#8221;on&#8221; auto_speed=&#8221;8000&#8243; auto_ignore_hover=&#8221;on&#8221; hover_enabled=&#8221;0&#8243; global_colors_info=&#8221;{}&#8221; link_option_url=&#8221;@ET-DC@eyJkeW5hbWljIjp0cnVlLCJjb250ZW50IjoicG9zdF9saW5rX3VybF9wYWdlIiwic2V0dGluZ3MiOnsicG9zdF9pZCI6IjQ3OSJ9fQ==@&#8221; _dynamic_attributes=&#8221;link_option_url&#8221; sticky_enabled=&#8221;0&#8243;][et_pb_slide heading=&#8221;Physio-Pro Teljesk\u00f6r\u0171 fizikai \u00e1llapotfelm\u00e9r\u00e9s&#8221; button_text=&#8221;R\u00e9szletek&#8221; button_link=&#8221;@ET-DC@eyJkeW5hbWljIjp0cnVlLCJjb250ZW50IjoicG9zdF9saW5rX3VybF9wYWdlIiwic2V0dGluZ3MiOnsicG9zdF9pZCI6IjQ3OSJ9fQ==@&#8221; use_bg_overlay=&#8221;on&#8221; _builder_version=&#8221;4.24.0&#8243; _dynamic_attributes=&#8221;button_link&#8221; _module_preset=&#8221;default&#8221; background_image=&#8221;https:\/\/physio-pro.hu\/wp-content\/uploads\/2020\/10\/physical-therapist-51.jpg&#8221; background_enable_image=&#8221;on&#8221; hover_enabled=&#8221;0&#8243; box_shadow_style_image=&#8221;preset1&#8243; global_colors_info=&#8221;{}&#8221; sticky_transition=&#8221;on&#8221; sticky_enabled=&#8221;0&#8243;][\/et_pb_slide][\/et_pb_fullwidth_slider][\/et_pb_section]<\/p>\n","protected":false},"excerpt":{"rendered":"<p>A PhysioPro csapat\u00e1ban a k\u00fcl\u00f6nb\u00f6z\u0151 szakter\u00fcletekr\u0151l&#8230;<\/p>\n","protected":false},"author":2,"featured_media":0,"parent":0,"menu_order":0,"comment_status":"closed","ping_status":"closed","template":"","meta":{"_et_pb_use_builder":"on","_et_pb_old_content":"<!-- wp:paragraph -->\n<p>\u00dcdv\u00f6zlet! Ez az a kezd\u0151oldal, amellyel - \u00e1ltal\u00e1ban - a honlapot felkeres\u0151 l\u00e1togat\u00f3k legels\u0151k\u00e9nt tal\u00e1lkoznak.<\/p>\n<!-- \/wp:paragraph -->","_et_gb_content_width":""},"_links":{"self":[{"href":"https:\/\/physio-pro.hu\/index.php\/wp-json\/wp\/v2\/pages\/37"}],"collection":[{"href":"https:\/\/physio-pro.hu\/index.php\/wp-json\/wp\/v2\/pages"}],"about":[{"href":"https:\/\/physio-pro.hu\/index.php\/wp-json\/wp\/v2\/types\/page"}],"author":[{"embeddable":true,"href":"https:\/\/physio-pro.hu\/index.php\/wp-json\/wp\/v2\/users\/2"}],"replies":[{"embeddable":true,"href":"https:\/\/physio-pro.hu\/index.php\/wp-json\/wp\/v2\/comments?post=37"}],"version-history":[{"count":58,"href":"https:\/\/physio-pro.hu\/index.php\/wp-json\/wp\/v2\/pages\/37\/revisions"}],"predecessor-version":[{"id":956,"href":"https:\/\/physio-pro.hu\/index.php\/wp-json\/wp\/v2\/pages\/37\/revisions\/956"}],"wp:attachment":[{"href":"https:\/\/physio-pro.hu\/index.php\/wp-json\/wp\/v2\/media?parent=37"}],"curies":[{"name":"wp","href":"https:\/\/api.w.org\/{rel}","templated":true}]}}