{"id":303,"date":"2021-07-29T10:52:16","date_gmt":"2021-07-29T10:52:16","guid":{"rendered":"https:\/\/physio-pro.hu\/?page_id=303"},"modified":"2024-01-23T15:23:25","modified_gmt":"2024-01-23T15:23:25","slug":"edzes","status":"publish","type":"page","link":"https:\/\/physio-pro.hu\/index.php\/szolgaltatasok\/edzes\/","title":{"rendered":"Edz\u00e9s"},"content":{"rendered":"<p>[et_pb_section fb_built=&#8221;1&#8243; _builder_version=&#8221;4.16&#8243; _module_preset=&#8221;default&#8221; global_colors_info=&#8221;{}&#8221;][et_pb_row column_structure=&#8221;1_2,1_2&#8243; _builder_version=&#8221;4.16&#8243; _module_preset=&#8221;default&#8221; custom_padding=&#8221;14px|||||&#8221; global_colors_info=&#8221;{}&#8221;][et_pb_column type=&#8221;1_2&#8243; _builder_version=&#8221;4.16&#8243; _module_preset=&#8221;default&#8221; global_colors_info=&#8221;{}&#8221;][et_pb_slider show_arrows=&#8221;off&#8221; show_pagination=&#8221;off&#8221; use_bg_overlay=&#8221;on&#8221; use_text_overlay=&#8221;off&#8221; _builder_version=&#8221;4.16&#8243; _dynamic_attributes=&#8221;link_option_url&#8221; _module_preset=&#8221;default&#8221; header_font=&#8221;ABeeZee||||||||&#8221; header_text_align=&#8221;center&#8221; header_font_size=&#8221;49px&#8221; background_image=&#8221;https:\/\/physio-pro.hu\/wp-content\/uploads\/2021\/07\/EBB1F9DC-9DD5-4E97-ABCE-C1F06A45093D_1_201_a-1-scaled.jpg&#8221; min_height=&#8221;331.4px&#8221; custom_margin=&#8221;||-30px|||&#8221; custom_padding=&#8221;85px|||||&#8221; link_option_url=&#8221;@ET-DC@eyJkeW5hbWljIjp0cnVlLCJjb250ZW50IjoicG9zdF9saW5rX3VybF9wYWdlIiwic2V0dGluZ3MiOnsicG9zdF9pZCI6IjM5In19@&#8221; global_colors_info=&#8221;{}&#8221;][et_pb_slide heading=&#8221;Szem\u00e9lyi edz\u00e9s&#8221; use_bg_overlay=&#8221;on&#8221; _builder_version=&#8221;4.16&#8243; _module_preset=&#8221;default&#8221; header_font=&#8221;Arial||||||||&#8221; header_text_align=&#8221;center&#8221; background_enable_color=&#8221;off&#8221; custom_button=&#8221;on&#8221; button_use_icon=&#8221;off&#8221; header_text_shadow_style=&#8221;preset1&#8243; global_colors_info=&#8221;{}&#8221; sticky_transition=&#8221;on&#8221;][\/et_pb_slide][\/et_pb_slider][\/et_pb_column][et_pb_column type=&#8221;1_2&#8243; _builder_version=&#8221;4.16&#8243; _module_preset=&#8221;default&#8221; global_colors_info=&#8221;{}&#8221;][et_pb_text quote_border_color=&#8221;rgba(3,84,107,0.4)&#8221; _builder_version=&#8221;4.16&#8243; _module_preset=&#8221;default&#8221; quote_text_align=&#8221;justify&#8221; quote_text_color=&#8221;#666666&#8243; text_orientation=&#8221;justified&#8221; min_height=&#8221;392px&#8221; custom_margin=&#8221;-3px|||||&#8221; custom_padding=&#8221;3px|22px|0px|||&#8221; global_colors_info=&#8221;{}&#8221;]<\/p>\n<blockquote>\n<div>\n<div><span>A mozg\u00e1s a legjobb gy\u00f3gyszer, e n\u00e9lk\u00fcl hossz\u00fat\u00e1von semmilyen panasz nem el\u0151zhet\u0151 meg, vagy enyh\u00edthet\u0151. <br \/>A legjobb f\u00e1jdalomcsillap\u00edt\u00f3kat a szervezet\u00fcnk termeli, ehhez pedig mind\u00f6ssze mozognunk kell. Edz\u00e9seinket medik\u00e1lis szeml\u00e9lettel, h\u00e1tt\u00e9rtud\u00e1ssal tartjuk, periodiz\u00e1ci\u00f3t alkalmazva, jav\u00edtva a mindennapi terhel\u00e9sb\u0151l ad\u00f3d\u00f3 panaszokat, \u00e9s fejlesztve, az er\u0151t, \u00e1ll\u00f3k\u00e9pess\u00e9get \u00e9s a koordin\u00e1ci\u00f3k.\u00a0 Ha egy nyugodt, csal\u00e1dias k\u00f6rnyezetben szeretn\u00e9l edzeni, egyed\u00fcl, vagy m\u00e1sodmagadban v\u00e1runk szeretettel.<\/span><\/div>\n<\/div>\n<div><\/div>\n<\/blockquote>\n<div style=\"text-align: justify;\"><\/div>\n<p>[\/et_pb_text][\/et_pb_column][\/et_pb_row][et_pb_row column_structure=&#8221;1_2,1_2&#8243; _builder_version=&#8221;4.16&#8243; _module_preset=&#8221;default&#8221; global_colors_info=&#8221;{}&#8221;][et_pb_column type=&#8221;1_2&#8243; _builder_version=&#8221;4.16&#8243; _module_preset=&#8221;default&#8221; global_colors_info=&#8221;{}&#8221;][et_pb_slider show_arrows=&#8221;off&#8221; show_pagination=&#8221;off&#8221; use_bg_overlay=&#8221;on&#8221; use_text_overlay=&#8221;off&#8221; _builder_version=&#8221;4.16&#8243; _dynamic_attributes=&#8221;link_option_url&#8221; _module_preset=&#8221;default&#8221; header_font=&#8221;ABeeZee||||||||&#8221; header_text_align=&#8221;center&#8221; header_font_size=&#8221;51px&#8221; background_image=&#8221;https:\/\/physio-pro.hu\/wp-content\/uploads\/2021\/07\/5C66E321-D9C3-4E33-BAB4-D23C6E490556_1_201_a-5-scaled.jpg&#8221; min_height=&#8221;374.8px&#8221; custom_margin=&#8221;||1px|||&#8221; custom_padding=&#8221;||593px|||&#8221; link_option_url=&#8221;@ET-DC@eyJkeW5hbWljIjp0cnVlLCJjb250ZW50IjoicG9zdF9saW5rX3VybF9wYWdlIiwic2V0dGluZ3MiOnsicG9zdF9pZCI6IjM5In19@&#8221; global_colors_info=&#8221;{}&#8221;][et_pb_slide heading=&#8221;Er\u0151nl\u00e9ti edz\u00e9s&#8221; use_bg_overlay=&#8221;on&#8221; _builder_version=&#8221;4.16&#8243; _module_preset=&#8221;default&#8221; header_font=&#8221;Arial||||||||&#8221; header_text_align=&#8221;center&#8221; background_enable_color=&#8221;off&#8221; background_image=&#8221;https:\/\/physio-pro.hu\/wp-content\/uploads\/2021\/07\/2C7DE1E9-3591-4420-8405-5C7650538DC4_1_201_a-1-scaled.jpg&#8221; background_enable_image=&#8221;on&#8221; custom_button=&#8221;on&#8221; button_use_icon=&#8221;off&#8221; custom_padding=&#8221;1px||0px||false|false&#8221; header_text_shadow_style=&#8221;preset1&#8243; global_colors_info=&#8221;{}&#8221; sticky_transition=&#8221;on&#8221;][\/et_pb_slide][\/et_pb_slider][\/et_pb_column][et_pb_column type=&#8221;1_2&#8243; _builder_version=&#8221;4.16&#8243; _module_preset=&#8221;default&#8221; global_colors_info=&#8221;{}&#8221;][et_pb_text quote_border_color=&#8221;rgba(3,84,107,0.4)&#8221; _builder_version=&#8221;4.16&#8243; _module_preset=&#8221;default&#8221; quote_text_align=&#8221;justify&#8221; quote_text_color=&#8221;#666666&#8243; text_orientation=&#8221;justified&#8221; min_height=&#8221;306px&#8221; custom_margin=&#8221;-24px|||||&#8221; custom_padding=&#8221;0px|16px||||&#8221; global_colors_info=&#8221;{}&#8221;]<\/p>\n<blockquote>\n<div><span>A er\u0151nl\u00e9ti edz\u00e9s egy\u00a0 funkcion\u00e1lis alapokon nyugv\u00f3 kieg\u00e9sz\u00edt\u0151 edz\u00e9sforma sportol\u00f3k r\u00e9sz\u00e9re, mely c\u00e9lja\u00a0 a teljes\u00edtm\u00e9ny fokoz\u00e1sa \u00e9s az adott sport\u00e1g okozta s\u00e9r\u00fcl\u00e9sek enyh\u00edt\u00e9se. Edz\u00e9seinket tudom\u00e1nyosan megalapozott alapelvek szerint egy\u00e9nre szabottan, periodiz\u00e1ltan nagy gonddal tervezz\u00fck meg. Er\u0151nl\u00e9ti edz\u0151i \u00e9s gy\u00f3gytorn\u00e1sz szeml\u00e9letet \u00f6tv\u00f6zve dolgozunk, ez\u00e9rt nagy hangs\u00falyt fektet\u00fcnk a l\u00e1gyr\u00e9sz mobiliz\u00e1ci\u00f3ra, \u00edz\u00fcleti mobiliz\u00e1ci\u00f3ra, korrekci\u00f3s gyakorlatokra, mozg\u00e1sminta tan\u00edt\u00e1sra, alapvet\u0151 er\u0151gyakorlatokra \u00e9s ballisztikus gyakorlatokra.<br \/><\/span><\/div>\n<div><\/div>\n<\/blockquote>\n<div style=\"text-align: justify;\"><\/div>\n<p>[\/et_pb_text][\/et_pb_column][\/et_pb_row][\/et_pb_section]<\/p>\n","protected":false},"excerpt":{"rendered":"<p>Szem\u00e9lyi edz\u00e9s A mozg\u00e1s a legjobb gy\u00f3gyszer, e n\u00e9lk\u00fcl&#8230;<\/p>\n","protected":false},"author":2,"featured_media":274,"parent":48,"menu_order":0,"comment_status":"closed","ping_status":"closed","template":"","meta":{"_et_pb_use_builder":"on","_et_pb_old_content":"","_et_gb_content_width":""},"_links":{"self":[{"href":"https:\/\/physio-pro.hu\/index.php\/wp-json\/wp\/v2\/pages\/303"}],"collection":[{"href":"https:\/\/physio-pro.hu\/index.php\/wp-json\/wp\/v2\/pages"}],"about":[{"href":"https:\/\/physio-pro.hu\/index.php\/wp-json\/wp\/v2\/types\/page"}],"author":[{"embeddable":true,"href":"https:\/\/physio-pro.hu\/index.php\/wp-json\/wp\/v2\/users\/2"}],"replies":[{"embeddable":true,"href":"https:\/\/physio-pro.hu\/index.php\/wp-json\/wp\/v2\/comments?post=303"}],"version-history":[{"count":9,"href":"https:\/\/physio-pro.hu\/index.php\/wp-json\/wp\/v2\/pages\/303\/revisions"}],"predecessor-version":[{"id":941,"href":"https:\/\/physio-pro.hu\/index.php\/wp-json\/wp\/v2\/pages\/303\/revisions\/941"}],"up":[{"embeddable":true,"href":"https:\/\/physio-pro.hu\/index.php\/wp-json\/wp\/v2\/pages\/48"}],"wp:featuredmedia":[{"embeddable":true,"href":"https:\/\/physio-pro.hu\/index.php\/wp-json\/wp\/v2\/media\/274"}],"wp:attachment":[{"href":"https:\/\/physio-pro.hu\/index.php\/wp-json\/wp\/v2\/media?parent=303"}],"curies":[{"name":"wp","href":"https:\/\/api.w.org\/{rel}","templated":true}]}}