{"id":2,"date":"2020-09-25T06:51:01","date_gmt":"2020-09-25T06:51:01","guid":{"rendered":"https:\/\/physio-pro.hu\/?page_id=2"},"modified":"2025-03-17T11:59:02","modified_gmt":"2025-03-17T11:59:02","slug":"ez-egy-minta-oldal","status":"publish","type":"page","link":"https:\/\/physio-pro.hu\/index.php\/ez-egy-minta-oldal\/","title":{"rendered":"\u00c1raink"},"content":{"rendered":"<p>[et_pb_section fb_built=&#8221;1&#8243; _builder_version=&#8221;4.24.0&#8243; _module_preset=&#8221;default&#8221; global_colors_info=&#8221;{}&#8221;][et_pb_row _builder_version=&#8221;4.16&#8243; _module_preset=&#8221;default&#8221; global_colors_info=&#8221;{}&#8221;][et_pb_column type=&#8221;4_4&#8243; _builder_version=&#8221;4.16&#8243; _module_preset=&#8221;default&#8221; global_colors_info=&#8221;{}&#8221;][et_pb_accordion _builder_version=&#8221;4.24.0&#8243; _module_preset=&#8221;default&#8221; global_colors_info=&#8221;{}&#8221;][et_pb_accordion_item title=&#8221;Gy\u00f3gytorna&#8221; _builder_version=&#8221;4.16&#8243; _module_preset=&#8221;default&#8221; global_colors_info=&#8221;{}&#8221; open=&#8221;off&#8221;]<\/p>\n<p style=\"padding-left: 40px;\">Anamn\u00e9zis<br \/>20 000 Ft<\/p>\n<p style=\"padding-left: 40px;\">\n<p style=\"padding-left: 40px;\">Egy\u00e9ni Gy\u00f3gytorna <em>50 perc<br \/><\/em>18 000 Ft<\/p>\n<p style=\"padding-left: 40px;\">Egy\u00e9ni Gy\u00f3gytorna \u00e9s korrekci\u00f3s terv vide\u00f3 anyaggal<br \/>22 000 Ft<\/p>\n<p style=\"padding-left: 40px;\">\n[\/et_pb_accordion_item][et_pb_accordion_item title=&#8221;Dietetika&#8221; _builder_version=&#8221;4.16&#8243; _module_preset=&#8221;default&#8221; global_colors_info=&#8221;{}&#8221; open=&#8221;off&#8221;]<\/p>\n<p style=\"padding-left: 40px;\">Konzult\u00e1ci\u00f3<\/p>\n<p style=\"padding-left: 40px;\">\u00a0 <em>T\u00e1pl\u00e1lts\u00e1gi \u00e1llapot felm\u00e9r\u00e9s-<\/em><br \/><em>\u00a0 \u00a0 \u00a0 \u00a0Anamn\u00e9zis felv\u00e9tel<\/em><br \/><em>\u00a0 \u00a0 \u00a0 \u00c9tkez\u00e9si napl\u00f3 elemz\u00e9s<\/em><br \/><em>\u00a0 \u00a0 \u00a0 Test\u00f6sszet\u00e9tel m\u00e9r\u00e9s InBody-val<\/em><\/p>\n<p style=\"padding-left: 40px;\">\u00a0 20 000 Ft<\/p>\n<p style=\"padding-left: 40px;\">Kontroll<\/p>\n<div class=\"page\" title=\"Page 1\">\n<div class=\"section\">\n<div class=\"layoutArea\">\n<div class=\"column\">\n<p><span>\u00a0 \u00a0 \u00a0 \u00a0 \u00a0 \u00a0 <em>Testo\u0308sszete\u0301telme\u0301re\u0301s InBody- val <\/em><br \/><em>\u00a0 \u00a0 \u00a0 \u00a0 \u00a0 \u00a0 \u00a0Va\u0301ltoza\u0301sok a\u0301tbesze\u0301le\u0301se<\/em><br \/><em>\u00a0 \u00a0 \u00a0 \u00a0 \u00a0 \u00a0 \u00a0Isme\u0301telt egye\u0301nre igazita\u0301s<\/em><\/span><\/p>\n<p><span><em><\/em><\/span><\/p>\n<\/div>\n<\/div>\n<\/div>\n<\/div>\n<p style=\"padding-left: 40px;\">\u00a0 5 000 Ft<\/p>\n<p style=\"padding-left: 40px;\">Egy\u00e9ni \u00e9trend tervez\u00e9s<\/p>\n<p style=\"padding-left: 80px;\">Mozaik \u00e9trend<\/p>\n<p class=\"_04xlpA direction-ltr align-start para-style-body\"><span class=\"S1PPyQ\">\u00a0 \u00a0 \u00a0 \u00a0 \u00a0 \u00a0 \u00a0 \u00a0 \u00a0 \u00a0 \u00a0Minden alap inform\u00e1ci\u00f3 ami a tan\u00e1csad\u00e1son elhangzik<br \/><\/span><span class=\"S1PPyQ\">\u00a0 \u00a0 \u00a0 \u00a0 \u00a0 \u00a0 \u00a0 \u00a0 \u00a0 \u00a0 \u00a0Vari\u00e1ci\u00f3k minden \u00e9rkez\u00e9sre (napi 5x)<br \/><\/span><span class=\"S1PPyQ\">\u00a0 \u00a0 \u00a0 \u00a0 \u00a0 \u00a0 \u00a0 \u00a0 \u00a0 \u00a0 \u00a0Szem\u00e9lyre szabott mennyis\u00e9gek<br \/><\/span><span class=\"S1PPyQ\">\u00a0 \u00a0 \u00a0 \u00a0 \u00a0 \u00a0 \u00a0 \u00a0 \u00a0 \u00a0 \u00a0Receptek<\/span><\/p>\n<p class=\"_04xlpA direction-ltr align-start para-style-body\">\u00a0 \u00a0 \u00a0 \u00a0 \u00a0 \u00a0 \u00a0 \u00a0 \u00a0 15 000 Ft<\/p>\n<p style=\"padding-left: 80px;\">FIX \u00c9trend\/h\u00e9t<\/p>\n<p style=\"padding-left: 80px;\"><em><span class=\"S1PPyQ\">\u00a0 \u00a0 Minden alap inform\u00e1ci\u00f3 ami a tan\u00e1csad\u00e1son elhangzik<br \/><\/span><span class=\"S1PPyQ\">\u00a0 \u00a0 Minden napra minden \u00e9tkez\u00e9s k\u00fcl\u00f6n megtervezve<br \/><\/span><span class=\"S1PPyQ\">\u00a0 \u00a0 Szem\u00e9lyre szabott mennyis\u00e9gek<br \/><\/span><span class=\"S1PPyQ\">\u00a0 \u00a0 Receptek<\/span><\/em><\/p>\n<p style=\"padding-left: 80px;\">10 000 Ft<\/p>\n<p>[\/et_pb_accordion_item][et_pb_accordion_item title=&#8221;Edz\u00e9s&#8221; open=&#8221;on&#8221; _builder_version=&#8221;4.16&#8243; _module_preset=&#8221;default&#8221; global_colors_info=&#8221;{}&#8221;]<\/p>\n<p style=\"padding-left: 40px;\">Er\u0151nl\u00e9ti edz\u00e9s egy\u00e9ni<br \/>15 000 Ft<\/p>\n<p style=\"padding-left: 40px;\">Er\u0151nl\u00e9ti edz\u00e9s tervvel<br \/>18 000 Ft<\/p>\n<p style=\"padding-left: 40px;\">Er\u0151nl\u00e9ti edz\u00e9s p\u00e1ros<br \/>17 000 Ft<\/p>\n<p style=\"padding-left: 40px;\">P\u00e1ros er\u0151nl\u00e9ti edz\u00e9s tervvel<br \/>22 000 Ft<\/p>\n<p>[\/et_pb_accordion_item][et_pb_accordion_item title=&#8221;Edz\u00e9stervez\u00e9s&#8221; _builder_version=&#8221;4.24.0&#8243; _module_preset=&#8221;default&#8221; global_colors_info=&#8221;{}&#8221; open=&#8221;off&#8221;]<\/p>\n<p>4 hetes edz\u00e9sterv \u00e1ra:<\/p>\n<p style=\"padding-left: 40px;\">heti 1 nap eset\u00e9n havi 15 000 Ft<\/p>\n<p style=\"padding-left: 40px;\">heti 2 nap eset\u00e9n: 20 000 Ft<\/p>\n<p style=\"padding-left: 40px;\">heti 3 nap eset\u00e9n: 23 000 Ft<\/p>\n<p style=\"padding-left: 40px;\">heti 4 nap eset\u00e9n: 26 000 Ft<\/p>\n<p>[\/et_pb_accordion_item][et_pb_accordion_item title=&#8221;PhysioPRO Teljesk\u00f6r\u0171 fizikai \u00e1llapotfelm\u00e9r\u00e9s&#8221; _builder_version=&#8221;4.24.0&#8243; _module_preset=&#8221;default&#8221; global_colors_info=&#8221;{}&#8221; open=&#8221;off&#8221;]<\/p>\n<p style=\"padding-left: 40px;\">Physio-Pro Teljesk\u00f6r\u0171 fizikai \u00e1llapotfelm\u00e9r\u00e9s 12 hetes egy\u00e9nre szabott \u00e9letm\u00f3dprogrammal. Visszam\u00e9r\u00e9ssel 12 h\u00e9t m\u00falva: 64 000 Ft<\/p>\n<p style=\"padding-left: 40px;\">Physio-Pro Teljesk\u00f6r\u0171 fizikai \u00e1llapotfelm\u00e9r\u00e9s 8 hetes egy\u00e9nre szabott \u00e9letm\u00f3dprogrammal. Visszam\u00e9r\u00e9ssel 8 h\u00e9t m\u00falva: 56 000 Ft<\/p>\n<p style=\"padding-left: 40px;\">Physio-Pro Teljesk\u00f6r\u0171 fizikai \u00e1llapotfelm\u00e9r\u00e9s 12 hetes egy\u00e9nre szabott \u00e9letm\u00f3dprogrammal. Visszam\u00e9r\u00e9s n\u00e9lk\u00fcl: 44 000 Ft<\/p>\n<p style=\"padding-left: 40px;\">Physio-Pro Teljesk\u00f6r\u0171 fizikai \u00e1llapotfelm\u00e9r\u00e9s 8 hetes egy\u00e9nre szabott \u00e9letm\u00f3dprogrammal. Visszam\u00e9r\u00e9s n\u00e9lk\u00fcl: 38 000 Ft<\/p>\n<p style=\"padding-left: 40px;\">\n<p style=\"padding-left: 40px;\">V\u00e1llalati csomagokra k\u00fcl\u00f6n \u00e1raj\u00e1nlatot adunk!<\/p>\n<p>[\/et_pb_accordion_item][\/et_pb_accordion][\/et_pb_column][\/et_pb_row][et_pb_row column_structure=&#8221;2_5,3_5&#8243; _builder_version=&#8221;4.24.0&#8243; _module_preset=&#8221;default&#8221; global_colors_info=&#8221;{}&#8221;][et_pb_column type=&#8221;2_5&#8243; _builder_version=&#8221;4.24.0&#8243; _module_preset=&#8221;default&#8221; global_colors_info=&#8221;{}&#8221;][et_pb_image src=&#8221;https:\/\/physio-pro.hu\/wp-content\/uploads\/2024\/01\/felkialtojel.png&#8221; title_text=&#8221;felki\u00e1lt\u00f3jel&#8221; _builder_version=&#8221;4.24.0&#8243; _module_preset=&#8221;default&#8221; global_colors_info=&#8221;{}&#8221;][\/et_pb_image][\/et_pb_column][et_pb_column type=&#8221;3_5&#8243; _builder_version=&#8221;4.24.0&#8243; _module_preset=&#8221;default&#8221; global_colors_info=&#8221;{}&#8221;][et_pb_text _builder_version=&#8221;4.24.0&#8243; _module_preset=&#8221;default&#8221; background_enable_color=&#8221;off&#8221; min_height=&#8221;115px&#8221; custom_margin=&#8221;34px|||||&#8221; custom_padding=&#8221;||5px|||&#8221; global_colors_info=&#8221;{}&#8221;]<\/p>\n<p style=\"text-align: justify;\">K\u00e9r\u00fcnk mindenkit, hogy pontosan \u00e9rkezzen! A hely sz\u0171ke miatt, nem \u00e1ll m\u00f3dunkban 3 percn\u00e9l hamarabb beengedni.<\/p>\n<p>24 \u00f3r\u00e1n bel\u00fcli lemond\u00e1st k\u00e9nytelenek vagyunk felsz\u00e1molni.<\/p>\n<p>Meg\u00e9rt\u00e9s\u00fcket k\u00f6sz\u00f6nj\u00fck!<\/p>\n<p>[\/et_pb_text][\/et_pb_column][\/et_pb_row][\/et_pb_section]<\/p>\n","protected":false},"excerpt":{"rendered":"<p>Gy\u00f3gytorna Anamn\u00e9zis20 000 Ft Egy\u00e9ni Gy\u00f3gytorna 50&#8230;<\/p>\n","protected":false},"author":1,"featured_media":181,"parent":0,"menu_order":0,"comment_status":"closed","ping_status":"closed","template":"","meta":{"_et_pb_use_builder":"on","_et_pb_old_content":"","_et_gb_content_width":""},"_links":{"self":[{"href":"https:\/\/physio-pro.hu\/index.php\/wp-json\/wp\/v2\/pages\/2"}],"collection":[{"href":"https:\/\/physio-pro.hu\/index.php\/wp-json\/wp\/v2\/pages"}],"about":[{"href":"https:\/\/physio-pro.hu\/index.php\/wp-json\/wp\/v2\/types\/page"}],"author":[{"embeddable":true,"href":"https:\/\/physio-pro.hu\/index.php\/wp-json\/wp\/v2\/users\/1"}],"replies":[{"embeddable":true,"href":"https:\/\/physio-pro.hu\/index.php\/wp-json\/wp\/v2\/comments?post=2"}],"version-history":[{"count":28,"href":"https:\/\/physio-pro.hu\/index.php\/wp-json\/wp\/v2\/pages\/2\/revisions"}],"predecessor-version":[{"id":967,"href":"https:\/\/physio-pro.hu\/index.php\/wp-json\/wp\/v2\/pages\/2\/revisions\/967"}],"wp:featuredmedia":[{"embeddable":true,"href":"https:\/\/physio-pro.hu\/index.php\/wp-json\/wp\/v2\/media\/181"}],"wp:attachment":[{"href":"https:\/\/physio-pro.hu\/index.php\/wp-json\/wp\/v2\/media?parent=2"}],"curies":[{"name":"wp","href":"https:\/\/api.w.org\/{rel}","templated":true}]}}