{"id":165,"date":"2021-07-28T13:00:37","date_gmt":"2021-07-28T13:00:37","guid":{"rendered":"https:\/\/physio-pro.hu\/?page_id=165"},"modified":"2024-01-22T18:25:16","modified_gmt":"2024-01-22T18:25:16","slug":"rolunk-2","status":"publish","type":"page","link":"https:\/\/physio-pro.hu\/index.php\/rolunk-2\/","title":{"rendered":"Csapatunk"},"content":{"rendered":"<p>[et_pb_section fb_built=&#8221;1&#8243; _builder_version=&#8221;4.16&#8243; _module_preset=&#8221;default&#8221; custom_padding=&#8221;||7px|||&#8221; global_colors_info=&#8221;{}&#8221;][et_pb_row column_structure=&#8221;1_4,1_4,1_4,1_4&#8243; _builder_version=&#8221;4.16&#8243; _module_preset=&#8221;default&#8221; global_colors_info=&#8221;{}&#8221;][et_pb_column type=&#8221;1_4&#8243; _builder_version=&#8221;4.16&#8243; _module_preset=&#8221;default&#8221; global_colors_info=&#8221;{}&#8221;][et_pb_team_member name=&#8221;Kriv\u00e1n Andr\u00e1s&#8221; position=&#8221;Gy\u00f3gytorn\u00e1sz \u00e9s Er\u0151nl\u00e9ti edz\u0151&#8221; image_url=&#8221;https:\/\/physio-pro.hu\/wp-content\/uploads\/2021\/07\/84B370CF-7DA7-4C91-B676-77821A8E5E8A_1_201_a-scaled.jpeg&#8221; _builder_version=&#8221;4.16&#8243; _module_preset=&#8221;default&#8221; box_shadow_style_image=&#8221;preset1&#8243; global_colors_info=&#8221;{}&#8221;][\/et_pb_team_member][et_pb_button button_url=&#8221;@ET-DC@eyJkeW5hbWljIjp0cnVlLCJjb250ZW50IjoicG9zdF9saW5rX3VybF9wYWdlIiwic2V0dGluZ3MiOnsicG9zdF9pZCI6IjQwMSJ9fQ==@&#8221; button_text=&#8221;Bemutatkoz\u00e1s&#8221; _builder_version=&#8221;4.16&#8243; _dynamic_attributes=&#8221;button_url&#8221; _module_preset=&#8221;default&#8221; custom_button=&#8221;on&#8221; button_text_size=&#8221;17px&#8221; button_text_color=&#8221;#000000&#8243; button_bg_color=&#8221;#FFFFFF&#8221; button_border_radius=&#8221;41px&#8221; button_icon=&#8221;&#x35;||divi||400&#8243; global_colors_info=&#8221;{}&#8221;][\/et_pb_button][\/et_pb_column][et_pb_column type=&#8221;1_4&#8243; _builder_version=&#8221;4.16&#8243; _module_preset=&#8221;default&#8221; global_colors_info=&#8221;{}&#8221;][et_pb_team_member name=&#8221;Nagy Vanda&#8221; position=&#8221;Sport-specifikus dietetikus \u00e9s Szem\u00e9lyi edz\u0151&#8221; image_url=&#8221;https:\/\/physio-pro.hu\/wp-content\/uploads\/2021\/07\/8C7F67BB-CF03-40EC-B4FA-224415D62C49_1_201_a-1-scaled.jpeg&#8221; _builder_version=&#8221;4.16&#8243; _module_preset=&#8221;default&#8221; box_shadow_style_image=&#8221;preset1&#8243; global_colors_info=&#8221;{}&#8221;][\/et_pb_team_member][et_pb_button button_url=&#8221;@ET-DC@eyJkeW5hbWljIjp0cnVlLCJjb250ZW50IjoicG9zdF9saW5rX3VybF9wYWdlIiwic2V0dGluZ3MiOnsicG9zdF9pZCI6IjQxNCJ9fQ==@&#8221; button_text=&#8221;Bemutatkoz\u00e1s&#8221; _builder_version=&#8221;4.17.4&#8243; _dynamic_attributes=&#8221;button_url&#8221; _module_preset=&#8221;default&#8221; custom_button=&#8221;on&#8221; button_text_size=&#8221;17px&#8221; button_text_color=&#8221;#000000&#8243; button_bg_color=&#8221;#FFFFFF&#8221; button_border_radius=&#8221;41px&#8221; button_icon=&#8221;&#x35;||divi||400&#8243; global_colors_info=&#8221;{}&#8221;][\/et_pb_button][\/et_pb_column][et_pb_column type=&#8221;1_4&#8243; _builder_version=&#8221;4.16&#8243; _module_preset=&#8221;default&#8221; global_colors_info=&#8221;{}&#8221;][et_pb_team_member name=&#8221;Kardos Kopp\u00e1ny&#8221; position=&#8221;Gy\u00f3gytorn\u00e1sz&#8221; image_url=&#8221;https:\/\/physio-pro.hu\/wp-content\/uploads\/2023\/01\/IMG_6600-scaled.jpeg&#8221; image_url_tablet=&#8221;https:\/\/physio-pro.hu\/wp-content\/uploads\/2023\/01\/IMG_6600-scaled.jpeg&#8221; image_url_phone=&#8221;https:\/\/physio-pro.hu\/wp-content\/uploads\/2023\/01\/IMG_6600-scaled.jpeg&#8221; image_url_last_edited=&#8221;on|desktop&#8221; _builder_version=&#8221;4.19.4&#8243; _module_preset=&#8221;default&#8221; box_shadow_style_image=&#8221;preset1&#8243; global_colors_info=&#8221;{}&#8221;][\/et_pb_team_member][et_pb_button button_url=&#8221;@ET-DC@eyJkeW5hbWljIjp0cnVlLCJjb250ZW50IjoicG9zdF9saW5rX3VybF9wYWdlIiwic2V0dGluZ3MiOnsicG9zdF9pZCI6Ijg2NCJ9fQ==@&#8221; button_text=&#8221;Bemutatkoz\u00e1s&#8221; _builder_version=&#8221;4.17.4&#8243; _dynamic_attributes=&#8221;button_url&#8221; _module_preset=&#8221;default&#8221; custom_button=&#8221;on&#8221; button_text_size=&#8221;17px&#8221; button_text_color=&#8221;#000000&#8243; button_bg_color=&#8221;#FFFFFF&#8221; button_border_radius=&#8221;41px&#8221; button_icon=&#8221;&#x35;||divi||400&#8243; global_colors_info=&#8221;{}&#8221;][\/et_pb_button][\/et_pb_column][et_pb_column type=&#8221;1_4&#8243; _builder_version=&#8221;4.16&#8243; _module_preset=&#8221;default&#8221; global_colors_info=&#8221;{}&#8221;][et_pb_team_member name=&#8221;N\u00e9meth-Kriv\u00e1n Berta&#8221; position=&#8221;Gy\u00f3gytorn\u00e1sz \u00e9s Szem\u00e9lyi edz\u0151&#8221; image_url=&#8221;https:\/\/physio-pro.hu\/wp-content\/uploads\/2021\/07\/0302C22A-ADFB-4F01-9202-410FAB2DBFE1_1_201_a-scaled.jpeg&#8221; _builder_version=&#8221;4.16&#8243; _module_preset=&#8221;default&#8221; box_shadow_style_image=&#8221;preset1&#8243; global_colors_info=&#8221;{}&#8221;][\/et_pb_team_member][et_pb_button button_url=&#8221;@ET-DC@eyJkeW5hbWljIjp0cnVlLCJjb250ZW50IjoicG9zdF9saW5rX3VybF9wYWdlIiwic2V0dGluZ3MiOnsicG9zdF9pZCI6IjQxNiJ9fQ==@&#8221; button_text=&#8221;Bemutatkoz\u00e1s&#8221; _builder_version=&#8221;4.16&#8243; _dynamic_attributes=&#8221;button_url&#8221; _module_preset=&#8221;default&#8221; custom_button=&#8221;on&#8221; button_text_size=&#8221;17px&#8221; button_text_color=&#8221;#000000&#8243; button_bg_color=&#8221;#FFFFFF&#8221; button_border_radius=&#8221;41px&#8221; button_icon=&#8221;&#x35;||divi||400&#8243; global_colors_info=&#8221;{}&#8221;][\/et_pb_button][\/et_pb_column][\/et_pb_row][\/et_pb_section][et_pb_section fb_built=&#8221;1&#8243; fullwidth=&#8221;on&#8221; _builder_version=&#8221;4.16&#8243; _module_preset=&#8221;default&#8221; custom_margin=&#8221;||-14px|||&#8221; global_colors_info=&#8221;{}&#8221;][\/et_pb_section]<\/p>\n","protected":false},"excerpt":{"rendered":"<p>Kriv\u00e1n Andr\u00e1s Gy\u00f3gytorn\u00e1sz \u00e9s Er\u0151nl\u00e9ti edz\u0151&#8230;<\/p>\n","protected":false},"author":2,"featured_media":300,"parent":0,"menu_order":0,"comment_status":"closed","ping_status":"closed","template":"","meta":{"_et_pb_use_builder":"on","_et_pb_old_content":"","_et_gb_content_width":""},"_links":{"self":[{"href":"https:\/\/physio-pro.hu\/index.php\/wp-json\/wp\/v2\/pages\/165"}],"collection":[{"href":"https:\/\/physio-pro.hu\/index.php\/wp-json\/wp\/v2\/pages"}],"about":[{"href":"https:\/\/physio-pro.hu\/index.php\/wp-json\/wp\/v2\/types\/page"}],"author":[{"embeddable":true,"href":"https:\/\/physio-pro.hu\/index.php\/wp-json\/wp\/v2\/users\/2"}],"replies":[{"embeddable":true,"href":"https:\/\/physio-pro.hu\/index.php\/wp-json\/wp\/v2\/comments?post=165"}],"version-history":[{"count":43,"href":"https:\/\/physio-pro.hu\/index.php\/wp-json\/wp\/v2\/pages\/165\/revisions"}],"predecessor-version":[{"id":940,"href":"https:\/\/physio-pro.hu\/index.php\/wp-json\/wp\/v2\/pages\/165\/revisions\/940"}],"wp:featuredmedia":[{"embeddable":true,"href":"https:\/\/physio-pro.hu\/index.php\/wp-json\/wp\/v2\/media\/300"}],"wp:attachment":[{"href":"https:\/\/physio-pro.hu\/index.php\/wp-json\/wp\/v2\/media?parent=165"}],"curies":[{"name":"wp","href":"https:\/\/api.w.org\/{rel}","templated":true}]}}